{"id":5038,"date":"2024-07-18T06:53:48","date_gmt":"2024-07-18T06:53:48","guid":{"rendered":"https:\/\/ej-bowman.com\/product\/shell-and-tube-heat-exchangers\/"},"modified":"2025-11-10T16:16:34","modified_gmt":"2025-11-10T16:16:34","slug":"rohrbuendelwaermetauscher","status":"publish","type":"product","link":"https:\/\/ej-bowman.com\/de\/produkte\/rohrbuendelwaermetauscher\/","title":{"rendered":"Rohrb\u00fcndelw\u00e4rmetauscher"},"content":{"rendered":"","protected":false},"excerpt":{"rendered":"<p>Hocheffiziente W\u00e4rme\u00fcbertragungsl\u00f6sungen zur K\u00fchlung einer Vielzahl von Anwendungen, bei denen Luft und Fl\u00fcssigkeiten durch Fl\u00fcssigkeiten gek\u00fchlt werden m\u00fcssen.<\/p>\n","protected":false},"featured_media":7909,"template":"","class_list":["post-5038","product","type-product","status-publish","has-post-thumbnail","hentry"],"acf":[],"yoast_head":"<!-- This site is optimized with the Yoast SEO plugin v26.4 - https:\/\/yoast.com\/wordpress\/plugins\/seo\/ -->\n<title>Rohrb\u00fcndelw\u00e4rmetauscher - EJ Bowman<\/title>\n<meta name=\"description\" content=\"Hocheffiziente Rohrb\u00fcndelw\u00e4rmetauscher f\u00fcr die Luft\/Fluid- oder Fluid\/Fluid-K\u00fchlung wie von z.B. Kompressoren, Spritzg\u00fcssen, Pumpen und Verarbeitungsger\u00e4ten\" \/>\n<meta name=\"robots\" content=\"index, follow, max-snippet:-1, max-image-preview:large, max-video-preview:-1\" \/>\n<link rel=\"canonical\" href=\"https:\/\/ej-bowman.com\/de\/produkte\/rohrbuendelwaermetauscher\/\" \/>\n<meta property=\"og:locale\" content=\"de_DE\" \/>\n<meta property=\"og:type\" content=\"article\" \/>\n<meta property=\"og:title\" content=\"Rohrb\u00fcndelw\u00e4rmetauscher - EJ Bowman\" \/>\n<meta property=\"og:description\" content=\"Hocheffiziente Rohrb\u00fcndelw\u00e4rmetauscher f\u00fcr die Luft\/Fluid- oder Fluid\/Fluid-K\u00fchlung wie von z.B. Kompressoren, Spritzg\u00fcssen, Pumpen und Verarbeitungsger\u00e4ten\" \/>\n<meta property=\"og:url\" content=\"https:\/\/ej-bowman.com\/de\/produkte\/rohrbuendelwaermetauscher\/\" \/>\n<meta property=\"og:site_name\" content=\"EJ Bowman\" \/>\n<meta property=\"article:modified_time\" content=\"2025-11-10T16:16:34+00:00\" \/>\n<meta property=\"og:image\" content=\"https:\/\/ej-bowman.com\/wp-content\/uploads\/2024\/07\/EJ-Bowman-Square_0002_Web-headers_ShellTube-22-scaled.jpg\" \/>\n\t<meta property=\"og:image:width\" content=\"2560\" \/>\n\t<meta property=\"og:image:height\" content=\"2560\" \/>\n\t<meta property=\"og:image:type\" content=\"image\/jpeg\" \/>\n<meta name=\"twitter:card\" content=\"summary_large_image\" \/>\n<meta name=\"twitter:label1\" content=\"Gesch\u00e4tzte Lesezeit\" \/>\n\t<meta name=\"twitter:data1\" content=\"1\u00a0Minute\" \/>\n<script type=\"application\/ld+json\" class=\"yoast-schema-graph\">{\"@context\":\"https:\/\/schema.org\",\"@graph\":[{\"@type\":\"WebPage\",\"@id\":\"https:\/\/ej-bowman.com\/de\/produkte\/rohrbuendelwaermetauscher\/\",\"url\":\"https:\/\/ej-bowman.com\/de\/produkte\/rohrbuendelwaermetauscher\/\",\"name\":\"Rohrb\u00fcndelw\u00e4rmetauscher - EJ Bowman\",\"isPartOf\":{\"@id\":\"https:\/\/ej-bowman.com\/de\/#website\"},\"primaryImageOfPage\":{\"@id\":\"https:\/\/ej-bowman.com\/de\/produkte\/rohrbuendelwaermetauscher\/#primaryimage\"},\"image\":{\"@id\":\"https:\/\/ej-bowman.com\/de\/produkte\/rohrbuendelwaermetauscher\/#primaryimage\"},\"thumbnailUrl\":\"https:\/\/ej-bowman.com\/wp-content\/uploads\/2024\/07\/EJ-Bowman-Square_0002_Web-headers_ShellTube-22-scaled.jpg\",\"datePublished\":\"2024-07-18T06:53:48+00:00\",\"dateModified\":\"2025-11-10T16:16:34+00:00\",\"description\":\"Hocheffiziente Rohrb\u00fcndelw\u00e4rmetauscher f\u00fcr die Luft\/Fluid- oder Fluid\/Fluid-K\u00fchlung wie von z.B. Kompressoren, Spritzg\u00fcssen, Pumpen und Verarbeitungsger\u00e4ten\",\"breadcrumb\":{\"@id\":\"https:\/\/ej-bowman.com\/de\/produkte\/rohrbuendelwaermetauscher\/#breadcrumb\"},\"inLanguage\":\"de\",\"potentialAction\":[{\"@type\":\"ReadAction\",\"target\":[\"https:\/\/ej-bowman.com\/de\/produkte\/rohrbuendelwaermetauscher\/\"]}]},{\"@type\":\"ImageObject\",\"inLanguage\":\"de\",\"@id\":\"https:\/\/ej-bowman.com\/de\/produkte\/rohrbuendelwaermetauscher\/#primaryimage\",\"url\":\"https:\/\/ej-bowman.com\/wp-content\/uploads\/2024\/07\/EJ-Bowman-Square_0002_Web-headers_ShellTube-22-scaled.jpg\",\"contentUrl\":\"https:\/\/ej-bowman.com\/wp-content\/uploads\/2024\/07\/EJ-Bowman-Square_0002_Web-headers_ShellTube-22-scaled.jpg\",\"width\":2560,\"height\":2560,\"caption\":\"Shell Tube | EJ Bowman\"},{\"@type\":\"BreadcrumbList\",\"@id\":\"https:\/\/ej-bowman.com\/de\/produkte\/rohrbuendelwaermetauscher\/#breadcrumb\",\"itemListElement\":[{\"@type\":\"ListItem\",\"position\":1,\"name\":\"Home\",\"item\":\"https:\/\/ej-bowman.com\/de\/\"},{\"@type\":\"ListItem\",\"position\":2,\"name\":\"Products\",\"item\":\"https:\/\/ej-bowman.com\/de\/produkte\/\"},{\"@type\":\"ListItem\",\"position\":3,\"name\":\"Rohrb\u00fcndelw\u00e4rmetauscher\"}]},{\"@type\":\"WebSite\",\"@id\":\"https:\/\/ej-bowman.com\/de\/#website\",\"url\":\"https:\/\/ej-bowman.com\/de\/\",\"name\":\"EJ Bowman\",\"description\":\"\",\"publisher\":{\"@id\":\"https:\/\/ej-bowman.com\/de\/#organization\"},\"potentialAction\":[{\"@type\":\"SearchAction\",\"target\":{\"@type\":\"EntryPoint\",\"urlTemplate\":\"https:\/\/ej-bowman.com\/de\/?s={search_term_string}\"},\"query-input\":{\"@type\":\"PropertyValueSpecification\",\"valueRequired\":true,\"valueName\":\"search_term_string\"}}],\"inLanguage\":\"de\"},{\"@type\":\"Organization\",\"@id\":\"https:\/\/ej-bowman.com\/de\/#organization\",\"name\":\"EJ Bowman\",\"url\":\"https:\/\/ej-bowman.com\/de\/\",\"logo\":{\"@type\":\"ImageObject\",\"inLanguage\":\"de\",\"@id\":\"https:\/\/ej-bowman.com\/de\/#\/schema\/logo\/image\/\",\"url\":\"https:\/\/ej-bowman.com\/wp-content\/uploads\/2024\/06\/logo-updates.png\",\"contentUrl\":\"https:\/\/ej-bowman.com\/wp-content\/uploads\/2024\/06\/logo-updates.png\",\"width\":2404,\"height\":681,\"caption\":\"EJ Bowman\"},\"image\":{\"@id\":\"https:\/\/ej-bowman.com\/de\/#\/schema\/logo\/image\/\"}}]}<\/script>\n<!-- \/ Yoast SEO plugin. -->","yoast_head_json":{"title":"Rohrb\u00fcndelw\u00e4rmetauscher - EJ Bowman","description":"Hocheffiziente Rohrb\u00fcndelw\u00e4rmetauscher f\u00fcr die Luft\/Fluid- oder Fluid\/Fluid-K\u00fchlung wie von z.B. Kompressoren, Spritzg\u00fcssen, Pumpen und Verarbeitungsger\u00e4ten","robots":{"index":"index","follow":"follow","max-snippet":"max-snippet:-1","max-image-preview":"max-image-preview:large","max-video-preview":"max-video-preview:-1"},"canonical":"https:\/\/ej-bowman.com\/de\/produkte\/rohrbuendelwaermetauscher\/","og_locale":"de_DE","og_type":"article","og_title":"Rohrb\u00fcndelw\u00e4rmetauscher - EJ Bowman","og_description":"Hocheffiziente Rohrb\u00fcndelw\u00e4rmetauscher f\u00fcr die Luft\/Fluid- oder Fluid\/Fluid-K\u00fchlung wie von z.B. Kompressoren, Spritzg\u00fcssen, Pumpen und Verarbeitungsger\u00e4ten","og_url":"https:\/\/ej-bowman.com\/de\/produkte\/rohrbuendelwaermetauscher\/","og_site_name":"EJ Bowman","article_modified_time":"2025-11-10T16:16:34+00:00","og_image":[{"width":2560,"height":2560,"url":"https:\/\/ej-bowman.com\/wp-content\/uploads\/2024\/07\/EJ-Bowman-Square_0002_Web-headers_ShellTube-22-scaled.jpg","type":"image\/jpeg"}],"twitter_card":"summary_large_image","twitter_misc":{"Gesch\u00e4tzte Lesezeit":"1\u00a0Minute"},"schema":{"@context":"https:\/\/schema.org","@graph":[{"@type":"WebPage","@id":"https:\/\/ej-bowman.com\/de\/produkte\/rohrbuendelwaermetauscher\/","url":"https:\/\/ej-bowman.com\/de\/produkte\/rohrbuendelwaermetauscher\/","name":"Rohrb\u00fcndelw\u00e4rmetauscher - EJ Bowman","isPartOf":{"@id":"https:\/\/ej-bowman.com\/de\/#website"},"primaryImageOfPage":{"@id":"https:\/\/ej-bowman.com\/de\/produkte\/rohrbuendelwaermetauscher\/#primaryimage"},"image":{"@id":"https:\/\/ej-bowman.com\/de\/produkte\/rohrbuendelwaermetauscher\/#primaryimage"},"thumbnailUrl":"https:\/\/ej-bowman.com\/wp-content\/uploads\/2024\/07\/EJ-Bowman-Square_0002_Web-headers_ShellTube-22-scaled.jpg","datePublished":"2024-07-18T06:53:48+00:00","dateModified":"2025-11-10T16:16:34+00:00","description":"Hocheffiziente Rohrb\u00fcndelw\u00e4rmetauscher f\u00fcr die Luft\/Fluid- oder Fluid\/Fluid-K\u00fchlung wie von z.B. Kompressoren, Spritzg\u00fcssen, Pumpen und Verarbeitungsger\u00e4ten","breadcrumb":{"@id":"https:\/\/ej-bowman.com\/de\/produkte\/rohrbuendelwaermetauscher\/#breadcrumb"},"inLanguage":"de","potentialAction":[{"@type":"ReadAction","target":["https:\/\/ej-bowman.com\/de\/produkte\/rohrbuendelwaermetauscher\/"]}]},{"@type":"ImageObject","inLanguage":"de","@id":"https:\/\/ej-bowman.com\/de\/produkte\/rohrbuendelwaermetauscher\/#primaryimage","url":"https:\/\/ej-bowman.com\/wp-content\/uploads\/2024\/07\/EJ-Bowman-Square_0002_Web-headers_ShellTube-22-scaled.jpg","contentUrl":"https:\/\/ej-bowman.com\/wp-content\/uploads\/2024\/07\/EJ-Bowman-Square_0002_Web-headers_ShellTube-22-scaled.jpg","width":2560,"height":2560,"caption":"Shell Tube | EJ Bowman"},{"@type":"BreadcrumbList","@id":"https:\/\/ej-bowman.com\/de\/produkte\/rohrbuendelwaermetauscher\/#breadcrumb","itemListElement":[{"@type":"ListItem","position":1,"name":"Home","item":"https:\/\/ej-bowman.com\/de\/"},{"@type":"ListItem","position":2,"name":"Products","item":"https:\/\/ej-bowman.com\/de\/produkte\/"},{"@type":"ListItem","position":3,"name":"Rohrb\u00fcndelw\u00e4rmetauscher"}]},{"@type":"WebSite","@id":"https:\/\/ej-bowman.com\/de\/#website","url":"https:\/\/ej-bowman.com\/de\/","name":"EJ Bowman","description":"","publisher":{"@id":"https:\/\/ej-bowman.com\/de\/#organization"},"potentialAction":[{"@type":"SearchAction","target":{"@type":"EntryPoint","urlTemplate":"https:\/\/ej-bowman.com\/de\/?s={search_term_string}"},"query-input":{"@type":"PropertyValueSpecification","valueRequired":true,"valueName":"search_term_string"}}],"inLanguage":"de"},{"@type":"Organization","@id":"https:\/\/ej-bowman.com\/de\/#organization","name":"EJ Bowman","url":"https:\/\/ej-bowman.com\/de\/","logo":{"@type":"ImageObject","inLanguage":"de","@id":"https:\/\/ej-bowman.com\/de\/#\/schema\/logo\/image\/","url":"https:\/\/ej-bowman.com\/wp-content\/uploads\/2024\/06\/logo-updates.png","contentUrl":"https:\/\/ej-bowman.com\/wp-content\/uploads\/2024\/06\/logo-updates.png","width":2404,"height":681,"caption":"EJ Bowman"},"image":{"@id":"https:\/\/ej-bowman.com\/de\/#\/schema\/logo\/image\/"}}]}},"_links":{"self":[{"href":"https:\/\/ej-bowman.com\/de\/wp-json\/wp\/v2\/product\/5038","targetHints":{"allow":["GET"]}}],"collection":[{"href":"https:\/\/ej-bowman.com\/de\/wp-json\/wp\/v2\/product"}],"about":[{"href":"https:\/\/ej-bowman.com\/de\/wp-json\/wp\/v2\/types\/product"}],"version-history":[{"count":8,"href":"https:\/\/ej-bowman.com\/de\/wp-json\/wp\/v2\/product\/5038\/revisions"}],"predecessor-version":[{"id":18654,"href":"https:\/\/ej-bowman.com\/de\/wp-json\/wp\/v2\/product\/5038\/revisions\/18654"}],"wp:featuredmedia":[{"embeddable":true,"href":"https:\/\/ej-bowman.com\/de\/wp-json\/wp\/v2\/media\/7909"}],"wp:attachment":[{"href":"https:\/\/ej-bowman.com\/de\/wp-json\/wp\/v2\/media?parent=5038"}],"curies":[{"name":"wp","href":"https:\/\/api.w.org\/{rel}","templated":true}]}}