{"id":5052,"date":"2024-06-20T06:50:29","date_gmt":"2024-06-20T06:50:29","guid":{"rendered":"https:\/\/ej-bowman.com\/product\/stainless-steel-heat-exchangers\/"},"modified":"2025-11-10T16:16:35","modified_gmt":"2025-11-10T16:16:35","slug":"waermetauscher-aus-edelstahl","status":"publish","type":"product","link":"https:\/\/ej-bowman.com\/de\/produkte\/waermetauscher-aus-edelstahl\/","title":{"rendered":"W\u00e4rmetauscher aus Edelstahl"},"content":{"rendered":"","protected":false},"excerpt":{"rendered":"<p>Viele Anwendungen erfordern Rohrb\u00fcndelw\u00e4rmetauscher aus Edelstahl, und Bowman bietet eine Standardpalette von Einheiten, die zum K\u00fchlen oder Erw\u00e4rmen einer Vielzahl von Fl\u00fcssigkeiten geeignet sind.<\/p>\n","protected":false},"featured_media":7826,"template":"","class_list":["post-5052","product","type-product","status-publish","has-post-thumbnail","hentry"],"acf":[],"yoast_head":"<!-- This site is optimized with the Yoast SEO plugin v26.4 - https:\/\/yoast.com\/wordpress\/plugins\/seo\/ -->\n<title>W\u00e4rmetauscher aus Edelstahl - EJ Bowman<\/title>\n<meta name=\"description\" content=\"W\u00e4rmetauscher aus Edelstahl 316L, geeignet zur Verwendung mit kontaminierten K\u00fchlmedien oder zum K\u00fchlen aggressiver Fl\u00fcssigkeiten: Chemikalien, synthetische \u00d6le, K\u00e4ltemittel\" \/>\n<meta name=\"robots\" content=\"index, follow, max-snippet:-1, max-image-preview:large, max-video-preview:-1\" \/>\n<link rel=\"canonical\" href=\"https:\/\/ej-bowman.com\/de\/produkte\/waermetauscher-aus-edelstahl\/\" \/>\n<meta property=\"og:locale\" content=\"de_DE\" \/>\n<meta property=\"og:type\" content=\"article\" \/>\n<meta property=\"og:title\" content=\"W\u00e4rmetauscher aus Edelstahl - EJ Bowman\" \/>\n<meta property=\"og:description\" content=\"W\u00e4rmetauscher aus Edelstahl 316L, geeignet zur Verwendung mit kontaminierten K\u00fchlmedien oder zum K\u00fchlen aggressiver Fl\u00fcssigkeiten: Chemikalien, synthetische \u00d6le, K\u00e4ltemittel\" \/>\n<meta property=\"og:url\" content=\"https:\/\/ej-bowman.com\/de\/produkte\/waermetauscher-aus-edelstahl\/\" \/>\n<meta property=\"og:site_name\" content=\"EJ Bowman\" \/>\n<meta property=\"article:modified_time\" content=\"2025-11-10T16:16:35+00:00\" \/>\n<meta property=\"og:image\" content=\"https:\/\/ej-bowman.com\/wp-content\/uploads\/2025\/01\/EJ-Bowman-Square_0001_Web-headers_stainless-scaled.jpg\" \/>\n\t<meta property=\"og:image:width\" content=\"2560\" \/>\n\t<meta property=\"og:image:height\" content=\"2560\" \/>\n\t<meta property=\"og:image:type\" content=\"image\/jpeg\" \/>\n<meta name=\"twitter:card\" content=\"summary_large_image\" \/>\n<meta name=\"twitter:label1\" content=\"Gesch\u00e4tzte Lesezeit\" \/>\n\t<meta name=\"twitter:data1\" content=\"1\u00a0Minute\" \/>\n<script type=\"application\/ld+json\" class=\"yoast-schema-graph\">{\"@context\":\"https:\/\/schema.org\",\"@graph\":[{\"@type\":\"WebPage\",\"@id\":\"https:\/\/ej-bowman.com\/de\/produkte\/waermetauscher-aus-edelstahl\/\",\"url\":\"https:\/\/ej-bowman.com\/de\/produkte\/waermetauscher-aus-edelstahl\/\",\"name\":\"W\u00e4rmetauscher aus Edelstahl - EJ Bowman\",\"isPartOf\":{\"@id\":\"https:\/\/ej-bowman.com\/de\/#website\"},\"primaryImageOfPage\":{\"@id\":\"https:\/\/ej-bowman.com\/de\/produkte\/waermetauscher-aus-edelstahl\/#primaryimage\"},\"image\":{\"@id\":\"https:\/\/ej-bowman.com\/de\/produkte\/waermetauscher-aus-edelstahl\/#primaryimage\"},\"thumbnailUrl\":\"https:\/\/ej-bowman.com\/wp-content\/uploads\/2025\/01\/EJ-Bowman-Square_0001_Web-headers_stainless-scaled.jpg\",\"datePublished\":\"2024-06-20T06:50:29+00:00\",\"dateModified\":\"2025-11-10T16:16:35+00:00\",\"description\":\"W\u00e4rmetauscher aus Edelstahl 316L, geeignet zur Verwendung mit kontaminierten K\u00fchlmedien oder zum K\u00fchlen aggressiver Fl\u00fcssigkeiten: Chemikalien, synthetische \u00d6le, K\u00e4ltemittel\",\"breadcrumb\":{\"@id\":\"https:\/\/ej-bowman.com\/de\/produkte\/waermetauscher-aus-edelstahl\/#breadcrumb\"},\"inLanguage\":\"de\",\"potentialAction\":[{\"@type\":\"ReadAction\",\"target\":[\"https:\/\/ej-bowman.com\/de\/produkte\/waermetauscher-aus-edelstahl\/\"]}]},{\"@type\":\"ImageObject\",\"inLanguage\":\"de\",\"@id\":\"https:\/\/ej-bowman.com\/de\/produkte\/waermetauscher-aus-edelstahl\/#primaryimage\",\"url\":\"https:\/\/ej-bowman.com\/wp-content\/uploads\/2025\/01\/EJ-Bowman-Square_0001_Web-headers_stainless-scaled.jpg\",\"contentUrl\":\"https:\/\/ej-bowman.com\/wp-content\/uploads\/2025\/01\/EJ-Bowman-Square_0001_Web-headers_stainless-scaled.jpg\",\"width\":2560,\"height\":2560,\"caption\":\"Stainless\"},{\"@type\":\"BreadcrumbList\",\"@id\":\"https:\/\/ej-bowman.com\/de\/produkte\/waermetauscher-aus-edelstahl\/#breadcrumb\",\"itemListElement\":[{\"@type\":\"ListItem\",\"position\":1,\"name\":\"Home\",\"item\":\"https:\/\/ej-bowman.com\/de\/\"},{\"@type\":\"ListItem\",\"position\":2,\"name\":\"Products\",\"item\":\"https:\/\/ej-bowman.com\/de\/produkte\/\"},{\"@type\":\"ListItem\",\"position\":3,\"name\":\"W\u00e4rmetauscher aus Edelstahl\"}]},{\"@type\":\"WebSite\",\"@id\":\"https:\/\/ej-bowman.com\/de\/#website\",\"url\":\"https:\/\/ej-bowman.com\/de\/\",\"name\":\"EJ Bowman\",\"description\":\"\",\"publisher\":{\"@id\":\"https:\/\/ej-bowman.com\/de\/#organization\"},\"potentialAction\":[{\"@type\":\"SearchAction\",\"target\":{\"@type\":\"EntryPoint\",\"urlTemplate\":\"https:\/\/ej-bowman.com\/de\/?s={search_term_string}\"},\"query-input\":{\"@type\":\"PropertyValueSpecification\",\"valueRequired\":true,\"valueName\":\"search_term_string\"}}],\"inLanguage\":\"de\"},{\"@type\":\"Organization\",\"@id\":\"https:\/\/ej-bowman.com\/de\/#organization\",\"name\":\"EJ Bowman\",\"url\":\"https:\/\/ej-bowman.com\/de\/\",\"logo\":{\"@type\":\"ImageObject\",\"inLanguage\":\"de\",\"@id\":\"https:\/\/ej-bowman.com\/de\/#\/schema\/logo\/image\/\",\"url\":\"https:\/\/ej-bowman.com\/wp-content\/uploads\/2024\/06\/logo-updates.png\",\"contentUrl\":\"https:\/\/ej-bowman.com\/wp-content\/uploads\/2024\/06\/logo-updates.png\",\"width\":2404,\"height\":681,\"caption\":\"EJ Bowman\"},\"image\":{\"@id\":\"https:\/\/ej-bowman.com\/de\/#\/schema\/logo\/image\/\"}}]}<\/script>\n<!-- \/ Yoast SEO plugin. -->","yoast_head_json":{"title":"W\u00e4rmetauscher aus Edelstahl - EJ Bowman","description":"W\u00e4rmetauscher aus Edelstahl 316L, geeignet zur Verwendung mit kontaminierten K\u00fchlmedien oder zum K\u00fchlen aggressiver Fl\u00fcssigkeiten: Chemikalien, synthetische \u00d6le, K\u00e4ltemittel","robots":{"index":"index","follow":"follow","max-snippet":"max-snippet:-1","max-image-preview":"max-image-preview:large","max-video-preview":"max-video-preview:-1"},"canonical":"https:\/\/ej-bowman.com\/de\/produkte\/waermetauscher-aus-edelstahl\/","og_locale":"de_DE","og_type":"article","og_title":"W\u00e4rmetauscher aus Edelstahl - EJ Bowman","og_description":"W\u00e4rmetauscher aus Edelstahl 316L, geeignet zur Verwendung mit kontaminierten K\u00fchlmedien oder zum K\u00fchlen aggressiver Fl\u00fcssigkeiten: Chemikalien, synthetische \u00d6le, K\u00e4ltemittel","og_url":"https:\/\/ej-bowman.com\/de\/produkte\/waermetauscher-aus-edelstahl\/","og_site_name":"EJ Bowman","article_modified_time":"2025-11-10T16:16:35+00:00","og_image":[{"width":2560,"height":2560,"url":"https:\/\/ej-bowman.com\/wp-content\/uploads\/2025\/01\/EJ-Bowman-Square_0001_Web-headers_stainless-scaled.jpg","type":"image\/jpeg"}],"twitter_card":"summary_large_image","twitter_misc":{"Gesch\u00e4tzte Lesezeit":"1\u00a0Minute"},"schema":{"@context":"https:\/\/schema.org","@graph":[{"@type":"WebPage","@id":"https:\/\/ej-bowman.com\/de\/produkte\/waermetauscher-aus-edelstahl\/","url":"https:\/\/ej-bowman.com\/de\/produkte\/waermetauscher-aus-edelstahl\/","name":"W\u00e4rmetauscher aus Edelstahl - EJ Bowman","isPartOf":{"@id":"https:\/\/ej-bowman.com\/de\/#website"},"primaryImageOfPage":{"@id":"https:\/\/ej-bowman.com\/de\/produkte\/waermetauscher-aus-edelstahl\/#primaryimage"},"image":{"@id":"https:\/\/ej-bowman.com\/de\/produkte\/waermetauscher-aus-edelstahl\/#primaryimage"},"thumbnailUrl":"https:\/\/ej-bowman.com\/wp-content\/uploads\/2025\/01\/EJ-Bowman-Square_0001_Web-headers_stainless-scaled.jpg","datePublished":"2024-06-20T06:50:29+00:00","dateModified":"2025-11-10T16:16:35+00:00","description":"W\u00e4rmetauscher aus Edelstahl 316L, geeignet zur Verwendung mit kontaminierten K\u00fchlmedien oder zum K\u00fchlen aggressiver Fl\u00fcssigkeiten: Chemikalien, synthetische \u00d6le, K\u00e4ltemittel","breadcrumb":{"@id":"https:\/\/ej-bowman.com\/de\/produkte\/waermetauscher-aus-edelstahl\/#breadcrumb"},"inLanguage":"de","potentialAction":[{"@type":"ReadAction","target":["https:\/\/ej-bowman.com\/de\/produkte\/waermetauscher-aus-edelstahl\/"]}]},{"@type":"ImageObject","inLanguage":"de","@id":"https:\/\/ej-bowman.com\/de\/produkte\/waermetauscher-aus-edelstahl\/#primaryimage","url":"https:\/\/ej-bowman.com\/wp-content\/uploads\/2025\/01\/EJ-Bowman-Square_0001_Web-headers_stainless-scaled.jpg","contentUrl":"https:\/\/ej-bowman.com\/wp-content\/uploads\/2025\/01\/EJ-Bowman-Square_0001_Web-headers_stainless-scaled.jpg","width":2560,"height":2560,"caption":"Stainless"},{"@type":"BreadcrumbList","@id":"https:\/\/ej-bowman.com\/de\/produkte\/waermetauscher-aus-edelstahl\/#breadcrumb","itemListElement":[{"@type":"ListItem","position":1,"name":"Home","item":"https:\/\/ej-bowman.com\/de\/"},{"@type":"ListItem","position":2,"name":"Products","item":"https:\/\/ej-bowman.com\/de\/produkte\/"},{"@type":"ListItem","position":3,"name":"W\u00e4rmetauscher aus Edelstahl"}]},{"@type":"WebSite","@id":"https:\/\/ej-bowman.com\/de\/#website","url":"https:\/\/ej-bowman.com\/de\/","name":"EJ Bowman","description":"","publisher":{"@id":"https:\/\/ej-bowman.com\/de\/#organization"},"potentialAction":[{"@type":"SearchAction","target":{"@type":"EntryPoint","urlTemplate":"https:\/\/ej-bowman.com\/de\/?s={search_term_string}"},"query-input":{"@type":"PropertyValueSpecification","valueRequired":true,"valueName":"search_term_string"}}],"inLanguage":"de"},{"@type":"Organization","@id":"https:\/\/ej-bowman.com\/de\/#organization","name":"EJ Bowman","url":"https:\/\/ej-bowman.com\/de\/","logo":{"@type":"ImageObject","inLanguage":"de","@id":"https:\/\/ej-bowman.com\/de\/#\/schema\/logo\/image\/","url":"https:\/\/ej-bowman.com\/wp-content\/uploads\/2024\/06\/logo-updates.png","contentUrl":"https:\/\/ej-bowman.com\/wp-content\/uploads\/2024\/06\/logo-updates.png","width":2404,"height":681,"caption":"EJ Bowman"},"image":{"@id":"https:\/\/ej-bowman.com\/de\/#\/schema\/logo\/image\/"}}]}},"_links":{"self":[{"href":"https:\/\/ej-bowman.com\/de\/wp-json\/wp\/v2\/product\/5052","targetHints":{"allow":["GET"]}}],"collection":[{"href":"https:\/\/ej-bowman.com\/de\/wp-json\/wp\/v2\/product"}],"about":[{"href":"https:\/\/ej-bowman.com\/de\/wp-json\/wp\/v2\/types\/product"}],"version-history":[{"count":11,"href":"https:\/\/ej-bowman.com\/de\/wp-json\/wp\/v2\/product\/5052\/revisions"}],"predecessor-version":[{"id":18649,"href":"https:\/\/ej-bowman.com\/de\/wp-json\/wp\/v2\/product\/5052\/revisions\/18649"}],"wp:featuredmedia":[{"embeddable":true,"href":"https:\/\/ej-bowman.com\/de\/wp-json\/wp\/v2\/media\/7826"}],"wp:attachment":[{"href":"https:\/\/ej-bowman.com\/de\/wp-json\/wp\/v2\/media?parent=5052"}],"curies":[{"name":"wp","href":"https:\/\/api.w.org\/{rel}","templated":true}]}}