{"id":5105,"date":"2024-06-20T06:37:28","date_gmt":"2024-06-20T06:37:28","guid":{"rendered":"https:\/\/ej-bowman.com\/product\/exhaust-gas-heat-exchangers\/"},"modified":"2025-11-10T16:01:05","modified_gmt":"2025-11-10T16:01:05","slug":"intercambiador-de-calor-de-los-gases-de-escape","status":"publish","type":"product","link":"https:\/\/ej-bowman.com\/es\/productos\/intercambiador-de-calor-de-los-gases-de-escape\/","title":{"rendered":"Intercambiadores de Calor de los Gases de Escape"},"content":{"rendered":"","protected":false},"excerpt":{"rendered":"<p>Los intercambiadores de calor de los gases de escape han sido dise\u00f1ados para recuperar la energ\u00eda residual del calor de los gases de escape de los grupos electr\u00f3genos de motor alternativo.<\/p>\n","protected":false},"featured_media":7735,"template":"","class_list":["post-5105","product","type-product","status-publish","has-post-thumbnail","hentry"],"acf":[],"yoast_head":"<!-- This site is optimized with the Yoast SEO plugin v26.4 - https:\/\/yoast.com\/wordpress\/plugins\/seo\/ -->\n<title>Intercambiadores de Calor de los Gases de Escape - EJ Bowman<\/title>\n<meta name=\"description\" content=\"Los intercamb de calor de gas de escape recuperan calor residual de un motor a gas o di\u00e9sel y lo convierten en una fuente de energ\u00eda valiosa que calienta agua.\" \/>\n<meta name=\"robots\" content=\"index, follow, max-snippet:-1, max-image-preview:large, max-video-preview:-1\" \/>\n<link rel=\"canonical\" href=\"https:\/\/ej-bowman.com\/es\/productos\/intercambiador-de-calor-de-los-gases-de-escape\/\" \/>\n<meta property=\"og:locale\" content=\"es_ES\" \/>\n<meta property=\"og:type\" content=\"article\" \/>\n<meta property=\"og:title\" content=\"Intercambiadores de Calor de los Gases de Escape - EJ Bowman\" \/>\n<meta property=\"og:description\" content=\"Los intercamb de calor de gas de escape recuperan calor residual de un motor a gas o di\u00e9sel y lo convierten en una fuente de energ\u00eda valiosa que calienta agua.\" \/>\n<meta property=\"og:url\" content=\"https:\/\/ej-bowman.com\/es\/productos\/intercambiador-de-calor-de-los-gases-de-escape\/\" \/>\n<meta property=\"og:site_name\" content=\"EJ Bowman\" \/>\n<meta property=\"article:modified_time\" content=\"2025-11-10T16:01:05+00:00\" \/>\n<meta property=\"og:image\" content=\"https:\/\/ej-bowman.com\/wp-content\/uploads\/2025\/01\/EJ-Bowman-Square_0006_Web-headers_Exhaust-scaled.jpg\" \/>\n\t<meta property=\"og:image:width\" content=\"2560\" \/>\n\t<meta property=\"og:image:height\" content=\"2560\" \/>\n\t<meta property=\"og:image:type\" content=\"image\/jpeg\" \/>\n<meta name=\"twitter:card\" content=\"summary_large_image\" \/>\n<meta name=\"twitter:label1\" content=\"Tiempo de lectura\" \/>\n\t<meta name=\"twitter:data1\" content=\"1 minuto\" \/>\n<script type=\"application\/ld+json\" class=\"yoast-schema-graph\">{\"@context\":\"https:\/\/schema.org\",\"@graph\":[{\"@type\":\"WebPage\",\"@id\":\"https:\/\/ej-bowman.com\/es\/productos\/intercambiador-de-calor-de-los-gases-de-escape\/\",\"url\":\"https:\/\/ej-bowman.com\/es\/productos\/intercambiador-de-calor-de-los-gases-de-escape\/\",\"name\":\"Intercambiadores de Calor de los Gases de Escape - EJ Bowman\",\"isPartOf\":{\"@id\":\"https:\/\/ej-bowman.com\/es\/#website\"},\"primaryImageOfPage\":{\"@id\":\"https:\/\/ej-bowman.com\/es\/productos\/intercambiador-de-calor-de-los-gases-de-escape\/#primaryimage\"},\"image\":{\"@id\":\"https:\/\/ej-bowman.com\/es\/productos\/intercambiador-de-calor-de-los-gases-de-escape\/#primaryimage\"},\"thumbnailUrl\":\"https:\/\/ej-bowman.com\/wp-content\/uploads\/2025\/01\/EJ-Bowman-Square_0006_Web-headers_Exhaust-scaled.jpg\",\"datePublished\":\"2024-06-20T06:37:28+00:00\",\"dateModified\":\"2025-11-10T16:01:05+00:00\",\"description\":\"Los intercamb de calor de gas de escape recuperan calor residual de un motor a gas o di\u00e9sel y lo convierten en una fuente de energ\u00eda valiosa que calienta agua.\",\"breadcrumb\":{\"@id\":\"https:\/\/ej-bowman.com\/es\/productos\/intercambiador-de-calor-de-los-gases-de-escape\/#breadcrumb\"},\"inLanguage\":\"es\",\"potentialAction\":[{\"@type\":\"ReadAction\",\"target\":[\"https:\/\/ej-bowman.com\/es\/productos\/intercambiador-de-calor-de-los-gases-de-escape\/\"]}]},{\"@type\":\"ImageObject\",\"inLanguage\":\"es\",\"@id\":\"https:\/\/ej-bowman.com\/es\/productos\/intercambiador-de-calor-de-los-gases-de-escape\/#primaryimage\",\"url\":\"https:\/\/ej-bowman.com\/wp-content\/uploads\/2025\/01\/EJ-Bowman-Square_0006_Web-headers_Exhaust-scaled.jpg\",\"contentUrl\":\"https:\/\/ej-bowman.com\/wp-content\/uploads\/2025\/01\/EJ-Bowman-Square_0006_Web-headers_Exhaust-scaled.jpg\",\"width\":2560,\"height\":2560,\"caption\":\"Exhaust | EJ Bowman\"},{\"@type\":\"BreadcrumbList\",\"@id\":\"https:\/\/ej-bowman.com\/es\/productos\/intercambiador-de-calor-de-los-gases-de-escape\/#breadcrumb\",\"itemListElement\":[{\"@type\":\"ListItem\",\"position\":1,\"name\":\"Home\",\"item\":\"https:\/\/ej-bowman.com\/es\/\"},{\"@type\":\"ListItem\",\"position\":2,\"name\":\"Products\",\"item\":\"https:\/\/ej-bowman.com\/es\/productos\/\"},{\"@type\":\"ListItem\",\"position\":3,\"name\":\"Intercambiadores de Calor de los Gases de Escape\"}]},{\"@type\":\"WebSite\",\"@id\":\"https:\/\/ej-bowman.com\/es\/#website\",\"url\":\"https:\/\/ej-bowman.com\/es\/\",\"name\":\"EJ Bowman\",\"description\":\"\",\"publisher\":{\"@id\":\"https:\/\/ej-bowman.com\/es\/#organization\"},\"potentialAction\":[{\"@type\":\"SearchAction\",\"target\":{\"@type\":\"EntryPoint\",\"urlTemplate\":\"https:\/\/ej-bowman.com\/es\/?s={search_term_string}\"},\"query-input\":{\"@type\":\"PropertyValueSpecification\",\"valueRequired\":true,\"valueName\":\"search_term_string\"}}],\"inLanguage\":\"es\"},{\"@type\":\"Organization\",\"@id\":\"https:\/\/ej-bowman.com\/es\/#organization\",\"name\":\"EJ Bowman\",\"url\":\"https:\/\/ej-bowman.com\/es\/\",\"logo\":{\"@type\":\"ImageObject\",\"inLanguage\":\"es\",\"@id\":\"https:\/\/ej-bowman.com\/es\/#\/schema\/logo\/image\/\",\"url\":\"https:\/\/ej-bowman.com\/wp-content\/uploads\/2024\/06\/logo-updates.png\",\"contentUrl\":\"https:\/\/ej-bowman.com\/wp-content\/uploads\/2024\/06\/logo-updates.png\",\"width\":2404,\"height\":681,\"caption\":\"EJ Bowman\"},\"image\":{\"@id\":\"https:\/\/ej-bowman.com\/es\/#\/schema\/logo\/image\/\"}}]}<\/script>\n<!-- \/ Yoast SEO plugin. -->","yoast_head_json":{"title":"Intercambiadores de Calor de los Gases de Escape - EJ Bowman","description":"Los intercamb de calor de gas de escape recuperan calor residual de un motor a gas o di\u00e9sel y lo convierten en una fuente de energ\u00eda valiosa que calienta agua.","robots":{"index":"index","follow":"follow","max-snippet":"max-snippet:-1","max-image-preview":"max-image-preview:large","max-video-preview":"max-video-preview:-1"},"canonical":"https:\/\/ej-bowman.com\/es\/productos\/intercambiador-de-calor-de-los-gases-de-escape\/","og_locale":"es_ES","og_type":"article","og_title":"Intercambiadores de Calor de los Gases de Escape - EJ Bowman","og_description":"Los intercamb de calor de gas de escape recuperan calor residual de un motor a gas o di\u00e9sel y lo convierten en una fuente de energ\u00eda valiosa que calienta agua.","og_url":"https:\/\/ej-bowman.com\/es\/productos\/intercambiador-de-calor-de-los-gases-de-escape\/","og_site_name":"EJ Bowman","article_modified_time":"2025-11-10T16:01:05+00:00","og_image":[{"width":2560,"height":2560,"url":"https:\/\/ej-bowman.com\/wp-content\/uploads\/2025\/01\/EJ-Bowman-Square_0006_Web-headers_Exhaust-scaled.jpg","type":"image\/jpeg"}],"twitter_card":"summary_large_image","twitter_misc":{"Tiempo de lectura":"1 minuto"},"schema":{"@context":"https:\/\/schema.org","@graph":[{"@type":"WebPage","@id":"https:\/\/ej-bowman.com\/es\/productos\/intercambiador-de-calor-de-los-gases-de-escape\/","url":"https:\/\/ej-bowman.com\/es\/productos\/intercambiador-de-calor-de-los-gases-de-escape\/","name":"Intercambiadores de Calor de los Gases de Escape - EJ Bowman","isPartOf":{"@id":"https:\/\/ej-bowman.com\/es\/#website"},"primaryImageOfPage":{"@id":"https:\/\/ej-bowman.com\/es\/productos\/intercambiador-de-calor-de-los-gases-de-escape\/#primaryimage"},"image":{"@id":"https:\/\/ej-bowman.com\/es\/productos\/intercambiador-de-calor-de-los-gases-de-escape\/#primaryimage"},"thumbnailUrl":"https:\/\/ej-bowman.com\/wp-content\/uploads\/2025\/01\/EJ-Bowman-Square_0006_Web-headers_Exhaust-scaled.jpg","datePublished":"2024-06-20T06:37:28+00:00","dateModified":"2025-11-10T16:01:05+00:00","description":"Los intercamb de calor de gas de escape recuperan calor residual de un motor a gas o di\u00e9sel y lo convierten en una fuente de energ\u00eda valiosa que calienta agua.","breadcrumb":{"@id":"https:\/\/ej-bowman.com\/es\/productos\/intercambiador-de-calor-de-los-gases-de-escape\/#breadcrumb"},"inLanguage":"es","potentialAction":[{"@type":"ReadAction","target":["https:\/\/ej-bowman.com\/es\/productos\/intercambiador-de-calor-de-los-gases-de-escape\/"]}]},{"@type":"ImageObject","inLanguage":"es","@id":"https:\/\/ej-bowman.com\/es\/productos\/intercambiador-de-calor-de-los-gases-de-escape\/#primaryimage","url":"https:\/\/ej-bowman.com\/wp-content\/uploads\/2025\/01\/EJ-Bowman-Square_0006_Web-headers_Exhaust-scaled.jpg","contentUrl":"https:\/\/ej-bowman.com\/wp-content\/uploads\/2025\/01\/EJ-Bowman-Square_0006_Web-headers_Exhaust-scaled.jpg","width":2560,"height":2560,"caption":"Exhaust | EJ Bowman"},{"@type":"BreadcrumbList","@id":"https:\/\/ej-bowman.com\/es\/productos\/intercambiador-de-calor-de-los-gases-de-escape\/#breadcrumb","itemListElement":[{"@type":"ListItem","position":1,"name":"Home","item":"https:\/\/ej-bowman.com\/es\/"},{"@type":"ListItem","position":2,"name":"Products","item":"https:\/\/ej-bowman.com\/es\/productos\/"},{"@type":"ListItem","position":3,"name":"Intercambiadores de Calor de los Gases de Escape"}]},{"@type":"WebSite","@id":"https:\/\/ej-bowman.com\/es\/#website","url":"https:\/\/ej-bowman.com\/es\/","name":"EJ Bowman","description":"","publisher":{"@id":"https:\/\/ej-bowman.com\/es\/#organization"},"potentialAction":[{"@type":"SearchAction","target":{"@type":"EntryPoint","urlTemplate":"https:\/\/ej-bowman.com\/es\/?s={search_term_string}"},"query-input":{"@type":"PropertyValueSpecification","valueRequired":true,"valueName":"search_term_string"}}],"inLanguage":"es"},{"@type":"Organization","@id":"https:\/\/ej-bowman.com\/es\/#organization","name":"EJ Bowman","url":"https:\/\/ej-bowman.com\/es\/","logo":{"@type":"ImageObject","inLanguage":"es","@id":"https:\/\/ej-bowman.com\/es\/#\/schema\/logo\/image\/","url":"https:\/\/ej-bowman.com\/wp-content\/uploads\/2024\/06\/logo-updates.png","contentUrl":"https:\/\/ej-bowman.com\/wp-content\/uploads\/2024\/06\/logo-updates.png","width":2404,"height":681,"caption":"EJ Bowman"},"image":{"@id":"https:\/\/ej-bowman.com\/es\/#\/schema\/logo\/image\/"}}]}},"_links":{"self":[{"href":"https:\/\/ej-bowman.com\/es\/wp-json\/wp\/v2\/product\/5105","targetHints":{"allow":["GET"]}}],"collection":[{"href":"https:\/\/ej-bowman.com\/es\/wp-json\/wp\/v2\/product"}],"about":[{"href":"https:\/\/ej-bowman.com\/es\/wp-json\/wp\/v2\/types\/product"}],"version-history":[{"count":10,"href":"https:\/\/ej-bowman.com\/es\/wp-json\/wp\/v2\/product\/5105\/revisions"}],"predecessor-version":[{"id":18620,"href":"https:\/\/ej-bowman.com\/es\/wp-json\/wp\/v2\/product\/5105\/revisions\/18620"}],"wp:featuredmedia":[{"embeddable":true,"href":"https:\/\/ej-bowman.com\/es\/wp-json\/wp\/v2\/media\/7735"}],"wp:attachment":[{"href":"https:\/\/ej-bowman.com\/es\/wp-json\/wp\/v2\/media?parent=5105"}],"curies":[{"name":"wp","href":"https:\/\/api.w.org\/{rel}","templated":true}]}}