{"id":5126,"date":"2024-06-19T11:41:35","date_gmt":"2024-06-19T11:41:35","guid":{"rendered":"https:\/\/ej-bowman.com\/product\/charge-air-coolers\/"},"modified":"2025-11-10T16:01:07","modified_gmt":"2025-11-10T16:01:07","slug":"refrigeradores-de-aire-de-sobrealimentacion","status":"publish","type":"product","link":"https:\/\/ej-bowman.com\/es\/productos\/refrigeradores-de-aire-de-sobrealimentacion\/","title":{"rendered":"Refrigeradores del Aire de Sobrealimentaci\u00f3n"},"content":{"rendered":"<p>Heating swimming pools efficiently requires a high quality heat exchanger, designed to transfer thermal energy to the pool water quickly, whilst providing long-life durability. As the UK\u2019s leading manufacturer, you can have complete confidence in the performance and reliability of Bowman swimming pool heat exchangers, as they\u2019re proven worldwide in commercial and domestic applications, from spas right up to Olympic sized pools.<\/p>\n","protected":false},"excerpt":{"rendered":"<p>Intercambiadores de calor de aire a agua que ayudan a mejorar la eficiencia del motor y reducir las emisiones en motores estacionarios marinos y terrestres.<\/p>\n","protected":false},"featured_media":7676,"template":"","class_list":["post-5126","product","type-product","status-publish","has-post-thumbnail","hentry"],"acf":[],"yoast_head":"<!-- This site is optimized with the Yoast SEO plugin v26.4 - https:\/\/yoast.com\/wordpress\/plugins\/seo\/ -->\n<title>Refrigeradores del Aire de Sobrealimentaci\u00f3n - EJ Bowman<\/title>\n<meta name=\"description\" content=\"Intercamb a agua para motores a gas o di\u00e9sel est\u00e1ticos en tierra o mar\u00edtimos turboalimentados p mejorar la eficiencia de la combusti\u00f3n y el desempe\u00f1o del motor.\" \/>\n<meta name=\"robots\" content=\"index, follow, max-snippet:-1, max-image-preview:large, max-video-preview:-1\" \/>\n<link rel=\"canonical\" href=\"https:\/\/ej-bowman.com\/es\/productos\/refrigeradores-de-aire-de-sobrealimentacion\/\" \/>\n<meta property=\"og:locale\" content=\"es_ES\" \/>\n<meta property=\"og:type\" content=\"article\" \/>\n<meta property=\"og:title\" content=\"Refrigeradores del Aire de Sobrealimentaci\u00f3n - EJ Bowman\" \/>\n<meta property=\"og:description\" content=\"Intercamb a agua para motores a gas o di\u00e9sel est\u00e1ticos en tierra o mar\u00edtimos turboalimentados p mejorar la eficiencia de la combusti\u00f3n y el desempe\u00f1o del motor.\" \/>\n<meta property=\"og:url\" content=\"https:\/\/ej-bowman.com\/es\/productos\/refrigeradores-de-aire-de-sobrealimentacion\/\" \/>\n<meta property=\"og:site_name\" content=\"EJ Bowman\" \/>\n<meta property=\"article:modified_time\" content=\"2025-11-10T16:01:07+00:00\" \/>\n<meta property=\"og:image\" content=\"https:\/\/ej-bowman.com\/wp-content\/uploads\/2024\/06\/Web-headers_ChargeAirSquare-1024x1024.png\" \/>\n\t<meta property=\"og:image:width\" content=\"1024\" \/>\n\t<meta property=\"og:image:height\" content=\"1024\" \/>\n\t<meta property=\"og:image:type\" content=\"image\/png\" \/>\n<meta name=\"twitter:card\" content=\"summary_large_image\" \/>\n<meta name=\"twitter:label1\" content=\"Tiempo de lectura\" \/>\n\t<meta name=\"twitter:data1\" content=\"1 minuto\" \/>\n<script type=\"application\/ld+json\" class=\"yoast-schema-graph\">{\"@context\":\"https:\/\/schema.org\",\"@graph\":[{\"@type\":\"WebPage\",\"@id\":\"https:\/\/ej-bowman.com\/es\/productos\/refrigeradores-de-aire-de-sobrealimentacion\/\",\"url\":\"https:\/\/ej-bowman.com\/es\/productos\/refrigeradores-de-aire-de-sobrealimentacion\/\",\"name\":\"Refrigeradores del Aire de Sobrealimentaci\u00f3n - EJ Bowman\",\"isPartOf\":{\"@id\":\"https:\/\/ej-bowman.com\/es\/#website\"},\"primaryImageOfPage\":{\"@id\":\"https:\/\/ej-bowman.com\/es\/productos\/refrigeradores-de-aire-de-sobrealimentacion\/#primaryimage\"},\"image\":{\"@id\":\"https:\/\/ej-bowman.com\/es\/productos\/refrigeradores-de-aire-de-sobrealimentacion\/#primaryimage\"},\"thumbnailUrl\":\"https:\/\/ej-bowman.com\/wp-content\/uploads\/2024\/06\/Web-headers_ChargeAirSquare.png\",\"datePublished\":\"2024-06-19T11:41:35+00:00\",\"dateModified\":\"2025-11-10T16:01:07+00:00\",\"description\":\"Intercamb a agua para motores a gas o di\u00e9sel est\u00e1ticos en tierra o mar\u00edtimos turboalimentados p mejorar la eficiencia de la combusti\u00f3n y el desempe\u00f1o del motor.\",\"breadcrumb\":{\"@id\":\"https:\/\/ej-bowman.com\/es\/productos\/refrigeradores-de-aire-de-sobrealimentacion\/#breadcrumb\"},\"inLanguage\":\"es\",\"potentialAction\":[{\"@type\":\"ReadAction\",\"target\":[\"https:\/\/ej-bowman.com\/es\/productos\/refrigeradores-de-aire-de-sobrealimentacion\/\"]}]},{\"@type\":\"ImageObject\",\"inLanguage\":\"es\",\"@id\":\"https:\/\/ej-bowman.com\/es\/productos\/refrigeradores-de-aire-de-sobrealimentacion\/#primaryimage\",\"url\":\"https:\/\/ej-bowman.com\/wp-content\/uploads\/2024\/06\/Web-headers_ChargeAirSquare.png\",\"contentUrl\":\"https:\/\/ej-bowman.com\/wp-content\/uploads\/2024\/06\/Web-headers_ChargeAirSquare.png\",\"width\":4167,\"height\":4167,\"caption\":\"Charge Air Cooler\"},{\"@type\":\"BreadcrumbList\",\"@id\":\"https:\/\/ej-bowman.com\/es\/productos\/refrigeradores-de-aire-de-sobrealimentacion\/#breadcrumb\",\"itemListElement\":[{\"@type\":\"ListItem\",\"position\":1,\"name\":\"Home\",\"item\":\"https:\/\/ej-bowman.com\/es\/\"},{\"@type\":\"ListItem\",\"position\":2,\"name\":\"Products\",\"item\":\"https:\/\/ej-bowman.com\/es\/productos\/\"},{\"@type\":\"ListItem\",\"position\":3,\"name\":\"Refrigeradores del Aire de Sobrealimentaci\u00f3n\"}]},{\"@type\":\"WebSite\",\"@id\":\"https:\/\/ej-bowman.com\/es\/#website\",\"url\":\"https:\/\/ej-bowman.com\/es\/\",\"name\":\"EJ Bowman\",\"description\":\"\",\"publisher\":{\"@id\":\"https:\/\/ej-bowman.com\/es\/#organization\"},\"potentialAction\":[{\"@type\":\"SearchAction\",\"target\":{\"@type\":\"EntryPoint\",\"urlTemplate\":\"https:\/\/ej-bowman.com\/es\/?s={search_term_string}\"},\"query-input\":{\"@type\":\"PropertyValueSpecification\",\"valueRequired\":true,\"valueName\":\"search_term_string\"}}],\"inLanguage\":\"es\"},{\"@type\":\"Organization\",\"@id\":\"https:\/\/ej-bowman.com\/es\/#organization\",\"name\":\"EJ Bowman\",\"url\":\"https:\/\/ej-bowman.com\/es\/\",\"logo\":{\"@type\":\"ImageObject\",\"inLanguage\":\"es\",\"@id\":\"https:\/\/ej-bowman.com\/es\/#\/schema\/logo\/image\/\",\"url\":\"https:\/\/ej-bowman.com\/wp-content\/uploads\/2024\/06\/logo-updates.png\",\"contentUrl\":\"https:\/\/ej-bowman.com\/wp-content\/uploads\/2024\/06\/logo-updates.png\",\"width\":2404,\"height\":681,\"caption\":\"EJ Bowman\"},\"image\":{\"@id\":\"https:\/\/ej-bowman.com\/es\/#\/schema\/logo\/image\/\"}}]}<\/script>\n<!-- \/ Yoast SEO plugin. -->","yoast_head_json":{"title":"Refrigeradores del Aire de Sobrealimentaci\u00f3n - EJ Bowman","description":"Intercamb a agua para motores a gas o di\u00e9sel est\u00e1ticos en tierra o mar\u00edtimos turboalimentados p mejorar la eficiencia de la combusti\u00f3n y el desempe\u00f1o del motor.","robots":{"index":"index","follow":"follow","max-snippet":"max-snippet:-1","max-image-preview":"max-image-preview:large","max-video-preview":"max-video-preview:-1"},"canonical":"https:\/\/ej-bowman.com\/es\/productos\/refrigeradores-de-aire-de-sobrealimentacion\/","og_locale":"es_ES","og_type":"article","og_title":"Refrigeradores del Aire de Sobrealimentaci\u00f3n - EJ Bowman","og_description":"Intercamb a agua para motores a gas o di\u00e9sel est\u00e1ticos en tierra o mar\u00edtimos turboalimentados p mejorar la eficiencia de la combusti\u00f3n y el desempe\u00f1o del motor.","og_url":"https:\/\/ej-bowman.com\/es\/productos\/refrigeradores-de-aire-de-sobrealimentacion\/","og_site_name":"EJ Bowman","article_modified_time":"2025-11-10T16:01:07+00:00","og_image":[{"width":1024,"height":1024,"url":"https:\/\/ej-bowman.com\/wp-content\/uploads\/2024\/06\/Web-headers_ChargeAirSquare-1024x1024.png","type":"image\/png"}],"twitter_card":"summary_large_image","twitter_misc":{"Tiempo de lectura":"1 minuto"},"schema":{"@context":"https:\/\/schema.org","@graph":[{"@type":"WebPage","@id":"https:\/\/ej-bowman.com\/es\/productos\/refrigeradores-de-aire-de-sobrealimentacion\/","url":"https:\/\/ej-bowman.com\/es\/productos\/refrigeradores-de-aire-de-sobrealimentacion\/","name":"Refrigeradores del Aire de Sobrealimentaci\u00f3n - EJ Bowman","isPartOf":{"@id":"https:\/\/ej-bowman.com\/es\/#website"},"primaryImageOfPage":{"@id":"https:\/\/ej-bowman.com\/es\/productos\/refrigeradores-de-aire-de-sobrealimentacion\/#primaryimage"},"image":{"@id":"https:\/\/ej-bowman.com\/es\/productos\/refrigeradores-de-aire-de-sobrealimentacion\/#primaryimage"},"thumbnailUrl":"https:\/\/ej-bowman.com\/wp-content\/uploads\/2024\/06\/Web-headers_ChargeAirSquare.png","datePublished":"2024-06-19T11:41:35+00:00","dateModified":"2025-11-10T16:01:07+00:00","description":"Intercamb a agua para motores a gas o di\u00e9sel est\u00e1ticos en tierra o mar\u00edtimos turboalimentados p mejorar la eficiencia de la combusti\u00f3n y el desempe\u00f1o del motor.","breadcrumb":{"@id":"https:\/\/ej-bowman.com\/es\/productos\/refrigeradores-de-aire-de-sobrealimentacion\/#breadcrumb"},"inLanguage":"es","potentialAction":[{"@type":"ReadAction","target":["https:\/\/ej-bowman.com\/es\/productos\/refrigeradores-de-aire-de-sobrealimentacion\/"]}]},{"@type":"ImageObject","inLanguage":"es","@id":"https:\/\/ej-bowman.com\/es\/productos\/refrigeradores-de-aire-de-sobrealimentacion\/#primaryimage","url":"https:\/\/ej-bowman.com\/wp-content\/uploads\/2024\/06\/Web-headers_ChargeAirSquare.png","contentUrl":"https:\/\/ej-bowman.com\/wp-content\/uploads\/2024\/06\/Web-headers_ChargeAirSquare.png","width":4167,"height":4167,"caption":"Charge Air Cooler"},{"@type":"BreadcrumbList","@id":"https:\/\/ej-bowman.com\/es\/productos\/refrigeradores-de-aire-de-sobrealimentacion\/#breadcrumb","itemListElement":[{"@type":"ListItem","position":1,"name":"Home","item":"https:\/\/ej-bowman.com\/es\/"},{"@type":"ListItem","position":2,"name":"Products","item":"https:\/\/ej-bowman.com\/es\/productos\/"},{"@type":"ListItem","position":3,"name":"Refrigeradores del Aire de Sobrealimentaci\u00f3n"}]},{"@type":"WebSite","@id":"https:\/\/ej-bowman.com\/es\/#website","url":"https:\/\/ej-bowman.com\/es\/","name":"EJ Bowman","description":"","publisher":{"@id":"https:\/\/ej-bowman.com\/es\/#organization"},"potentialAction":[{"@type":"SearchAction","target":{"@type":"EntryPoint","urlTemplate":"https:\/\/ej-bowman.com\/es\/?s={search_term_string}"},"query-input":{"@type":"PropertyValueSpecification","valueRequired":true,"valueName":"search_term_string"}}],"inLanguage":"es"},{"@type":"Organization","@id":"https:\/\/ej-bowman.com\/es\/#organization","name":"EJ Bowman","url":"https:\/\/ej-bowman.com\/es\/","logo":{"@type":"ImageObject","inLanguage":"es","@id":"https:\/\/ej-bowman.com\/es\/#\/schema\/logo\/image\/","url":"https:\/\/ej-bowman.com\/wp-content\/uploads\/2024\/06\/logo-updates.png","contentUrl":"https:\/\/ej-bowman.com\/wp-content\/uploads\/2024\/06\/logo-updates.png","width":2404,"height":681,"caption":"EJ Bowman"},"image":{"@id":"https:\/\/ej-bowman.com\/es\/#\/schema\/logo\/image\/"}}]}},"_links":{"self":[{"href":"https:\/\/ej-bowman.com\/es\/wp-json\/wp\/v2\/product\/5126","targetHints":{"allow":["GET"]}}],"collection":[{"href":"https:\/\/ej-bowman.com\/es\/wp-json\/wp\/v2\/product"}],"about":[{"href":"https:\/\/ej-bowman.com\/es\/wp-json\/wp\/v2\/types\/product"}],"version-history":[{"count":18,"href":"https:\/\/ej-bowman.com\/es\/wp-json\/wp\/v2\/product\/5126\/revisions"}],"predecessor-version":[{"id":18598,"href":"https:\/\/ej-bowman.com\/es\/wp-json\/wp\/v2\/product\/5126\/revisions\/18598"}],"wp:featuredmedia":[{"embeddable":true,"href":"https:\/\/ej-bowman.com\/es\/wp-json\/wp\/v2\/media\/7676"}],"wp:attachment":[{"href":"https:\/\/ej-bowman.com\/es\/wp-json\/wp\/v2\/media?parent=5126"}],"curies":[{"name":"wp","href":"https:\/\/api.w.org\/{rel}","templated":true}]}}