{"id":4720,"date":"2024-06-11T09:13:14","date_gmt":"2024-06-11T09:13:14","guid":{"rendered":"https:\/\/ej-bowman.com\/contactez-nous\/"},"modified":"2025-11-07T13:57:25","modified_gmt":"2025-11-07T13:57:25","slug":"contactez-nous","status":"publish","type":"page","link":"https:\/\/ej-bowman.com\/fr\/contactez-nous\/","title":{"rendered":"Contactez-nous"},"content":{"rendered":"\t\t<div data-elementor-type=\"wp-page\" data-elementor-id=\"4720\" class=\"elementor elementor-4720 elementor-59\" data-elementor-post-type=\"page\">\n\t\t\t\t<div class=\"elementor-element elementor-element-c280027 e-flex e-con-boxed e-con e-parent\" data-id=\"c280027\" data-element_type=\"container\" data-settings=\"{&quot;background_background&quot;:&quot;classic&quot;}\">\n\t\t\t\t\t<div class=\"e-con-inner\">\n\t\t<div class=\"elementor-element elementor-element-9905727 e-con-full e-flex e-con e-child\" data-id=\"9905727\" data-element_type=\"container\">\n\t\t\t\t<div class=\"elementor-element elementor-element-8b6219e elementor-widget__width-initial elementor-widget-mobile_extra__width-inherit elementor-widget elementor-widget-text-editor\" data-id=\"8b6219e\" data-element_type=\"widget\" data-widget_type=\"text-editor.default\">\n\t\t\t\t<div class=\"elementor-widget-container\">\n\t\t\t\t\t\t\t\t\t<p>Avez-vous une question sp\u00e9cifique ou vous souhaitez parler \u00e0 l&rsquo;un de nos ing\u00e9nieurs technico-commerciaux ?<\/p>\n\t\t\t\t\t\t\t\t<\/div>\n\t\t\t\t<\/div>\n\t\t\t\t<\/div>\n\t\t\t\t\t<\/div>\n\t\t\t\t<\/div>\n\t\t<div class=\"elementor-element elementor-element-df94a8d e-flex e-con-boxed e-con e-parent\" data-id=\"df94a8d\" data-element_type=\"container\" data-settings=\"{&quot;background_background&quot;:&quot;classic&quot;}\">\n\t\t\t\t\t<div class=\"e-con-inner\">\n\t\t<div class=\"elementor-element elementor-element-4d464d9 e-flex e-con-boxed e-con e-child\" data-id=\"4d464d9\" data-element_type=\"container\">\n\t\t\t\t\t<div class=\"e-con-inner\">\n\t\t\t\t<div class=\"elementor-element elementor-element-e33c7fb elementor-widget__width-inherit elementor-widget elementor-widget-heading\" data-id=\"e33c7fb\" data-element_type=\"widget\" data-widget_type=\"heading.default\">\n\t\t\t\t<div class=\"elementor-widget-container\">\n\t\t\t\t\t<h2 class=\"elementor-heading-title elementor-size-default\">Vouhaitez-vous nous contacter?<\/h2>\t\t\t\t<\/div>\n\t\t\t\t<\/div>\n\t\t\t\t<div class=\"elementor-element elementor-element-00d346b elementor-widget__width-initial elementor-widget elementor-widget-text-editor\" data-id=\"00d346b\" data-element_type=\"widget\" data-widget_type=\"text-editor.default\">\n\t\t\t\t<div class=\"elementor-widget-container\">\n\t\t\t\t\t\t\t\t\t<p>Contactez-nous par t\u00e9l\u00e9phone ou email en utilisant les coordonn\u00e9es ci-dessous. Pour des demandes de renseignements plus g\u00e9n\u00e9rales, il suffit de remplir et de retourner le formulaire de contact. <\/p>\n\t\t\t\t\t\t\t\t<\/div>\n\t\t\t\t<\/div>\n\t\t\t\t<div class=\"elementor-element elementor-element-1c20519 contact-link elementor-icon-list--layout-traditional elementor-list-item-link-full_width elementor-widget elementor-widget-icon-list\" data-id=\"1c20519\" data-element_type=\"widget\" data-widget_type=\"icon-list.default\">\n\t\t\t\t<div class=\"elementor-widget-container\">\n\t\t\t\t\t\t\t<ul class=\"elementor-icon-list-items\">\n\t\t\t\t\t\t\t<li class=\"elementor-icon-list-item\">\n\t\t\t\t\t\t\t\t\t\t\t<a href=\"https:\/\/maps.app.goo.gl\/LLkGKY9c8GcYT8KD6\">\n\n\t\t\t\t\t\t\t\t\t\t\t\t<span class=\"elementor-icon-list-icon\">\n\t\t\t\t\t\t\t<svg aria-hidden=\"true\" class=\"e-font-icon-svg e-fas-map-marker-alt\" viewBox=\"0 0 384 512\" xmlns=\"http:\/\/www.w3.org\/2000\/svg\"><path d=\"M172.268 501.67C26.97 291.031 0 269.413 0 192 0 85.961 85.961 0 192 0s192 85.961 192 192c0 77.413-26.97 99.031-172.268 309.67-9.535 13.774-29.93 13.773-39.464 0zM192 272c44.183 0 80-35.817 80-80s-35.817-80-80-80-80 35.817-80 80 35.817 80 80 80z\"><\/path><\/svg>\t\t\t\t\t\t<\/span>\n\t\t\t\t\t\t\t\t\t\t<span class=\"elementor-icon-list-text\"> Chester Street <br>Birmingham, B6 4AP <br>Royaume-Uni<\/span>\n\t\t\t\t\t\t\t\t\t\t\t<\/a>\n\t\t\t\t\t\t\t\t\t<\/li>\n\t\t\t\t\t\t\t\t<li class=\"elementor-icon-list-item\">\n\t\t\t\t\t\t\t\t\t\t\t<a href=\"\">\n\n\t\t\t\t\t\t\t\t\t\t\t\t<span class=\"elementor-icon-list-icon\">\n\t\t\t\t\t\t\t<svg aria-hidden=\"true\" class=\"e-font-icon-svg e-fas-phone-alt\" viewBox=\"0 0 512 512\" xmlns=\"http:\/\/www.w3.org\/2000\/svg\"><path d=\"M497.39 361.8l-112-48a24 24 0 0 0-28 6.9l-49.6 60.6A370.66 370.66 0 0 1 130.6 204.11l60.6-49.6a23.94 23.94 0 0 0 6.9-28l-48-112A24.16 24.16 0 0 0 122.6.61l-104 24A24 24 0 0 0 0 48c0 256.5 207.9 464 464 464a24 24 0 0 0 23.4-18.6l24-104a24.29 24.29 0 0 0-14.01-27.6z\"><\/path><\/svg>\t\t\t\t\t\t<\/span>\n\t\t\t\t\t\t\t\t\t\t<span class=\"elementor-icon-list-text\">+44 (0)121 359 5401<\/span>\n\t\t\t\t\t\t\t\t\t\t\t<\/a>\n\t\t\t\t\t\t\t\t\t<\/li>\n\t\t\t\t\t\t\t\t<li class=\"elementor-icon-list-item\">\n\t\t\t\t\t\t\t\t\t\t\t<a href=\"mailto:sales@ej-bowman.com\">\n\n\t\t\t\t\t\t\t\t\t\t\t\t<span class=\"elementor-icon-list-icon\">\n\t\t\t\t\t\t\t<svg aria-hidden=\"true\" class=\"e-font-icon-svg e-fas-envelope\" viewBox=\"0 0 512 512\" xmlns=\"http:\/\/www.w3.org\/2000\/svg\"><path d=\"M502.3 190.8c3.9-3.1 9.7-.2 9.7 4.7V400c0 26.5-21.5 48-48 48H48c-26.5 0-48-21.5-48-48V195.6c0-5 5.7-7.8 9.7-4.7 22.4 17.4 52.1 39.5 154.1 113.6 21.1 15.4 56.7 47.8 92.2 47.6 35.7.3 72-32.8 92.3-47.6 102-74.1 131.6-96.3 154-113.7zM256 320c23.2.4 56.6-29.2 73.4-41.4 132.7-96.3 142.8-104.7 173.4-128.7 5.8-4.5 9.2-11.5 9.2-18.9v-19c0-26.5-21.5-48-48-48H48C21.5 64 0 85.5 0 112v19c0 7.4 3.4 14.3 9.2 18.9 30.6 23.9 40.7 32.4 173.4 128.7 16.8 12.2 50.2 41.8 73.4 41.4z\"><\/path><\/svg>\t\t\t\t\t\t<\/span>\n\t\t\t\t\t\t\t\t\t\t<span class=\"elementor-icon-list-text\">sales@ej-bowman.com<\/span>\n\t\t\t\t\t\t\t\t\t\t\t<\/a>\n\t\t\t\t\t\t\t\t\t<\/li>\n\t\t\t\t\t\t<\/ul>\n\t\t\t\t\t\t<\/div>\n\t\t\t\t<\/div>\n\t\t\t\t<div class=\"elementor-element elementor-element-ab829e3 elementor-widget__width-inherit elementor-widget elementor-widget-heading\" data-id=\"ab829e3\" data-element_type=\"widget\" data-widget_type=\"heading.default\">\n\t\t\t\t<div class=\"elementor-widget-container\">\n\t\t\t\t\t<h2 class=\"elementor-heading-title elementor-size-default\">Heures d'Ouverture :<\/h2>\t\t\t\t<\/div>\n\t\t\t\t<\/div>\n\t\t\t\t<div class=\"elementor-element elementor-element-71683e6 elementor-widget__width-initial elementor-widget elementor-widget-text-editor\" data-id=\"71683e6\" data-element_type=\"widget\" data-widget_type=\"text-editor.default\">\n\t\t\t\t<div class=\"elementor-widget-container\">\n\t\t\t\t\t\t\t\t\t<p>Lundi &#8211; jeudi: 8 h 30 &#8211; 16 h 30<br \/>Vendredi: 8 h 30 &#8211; 14 h 30<br \/>Samedi et dimanche: Ferm\u00e9<\/p>\n<p>Veuillez noter que notre fuseau horaire est GMT \/ BST.<\/p>\n\t\t\t\t\t\t\t\t<\/div>\n\t\t\t\t<\/div>\n\t\t\t\t\t<\/div>\n\t\t\t\t<\/div>\n\t\t<div class=\"elementor-element elementor-element-a390831 contact-page e-flex e-con-boxed e-con e-child\" data-id=\"a390831\" data-element_type=\"container\">\n\t\t\t\t\t<div class=\"e-con-inner\">\n\t\t\t\t<div class=\"elementor-element elementor-element-16bceb0 elementor-widget__width-inherit elementor-widget elementor-widget-heading\" data-id=\"16bceb0\" data-element_type=\"widget\" data-widget_type=\"heading.default\">\n\t\t\t\t<div class=\"elementor-widget-container\">\n\t\t\t\t\t<h2 class=\"elementor-heading-title elementor-size-default\">Formulaire de Demande<\/h2>\t\t\t\t<\/div>\n\t\t\t\t<\/div>\n\t\t\t\t<div class=\"elementor-element elementor-element-e35408f footer-form footer-contact elementor-widget elementor-widget-shortcode\" data-id=\"e35408f\" data-element_type=\"widget\" data-widget_type=\"shortcode.default\">\n\t\t\t\t<div class=\"elementor-widget-container\">\n\t\t\t\t\t\t\t<div class=\"elementor-shortcode\"><div class=\"forminator-ui forminator-custom-form forminator-custom-form-19895 forminator-design--default  forminator_ajax\" data-forminator-render=\"0\" data-form=\"forminator-module-19895\" data-uid=\"69e2ee8f28789\"><br\/><\/div><form\r\n\t\t\t\tid=\"forminator-module-19895\"\r\n\t\t\t\tclass=\"forminator-ui forminator-custom-form forminator-custom-form-19895 forminator-design--default  forminator_ajax\"\r\n\t\t\t\tmethod=\"post\"\r\n\t\t\t\tdata-forminator-render=\"0\"\r\n\t\t\t\tdata-form-id=\"19895\"\r\n\t\t\t\t data-color-option=\"default\" data-design=\"default\" data-grid=\"open\" style=\"display: none;\"\r\n\t\t\t\tdata-uid=\"69e2ee8f28789\"\r\n\t\t\t><div role=\"alert\" aria-live=\"polite\" class=\"forminator-response-message forminator-error\" aria-hidden=\"true\"><\/div><div class=\"forminator-row\"><div id=\"name-1\" class=\"forminator-field-name forminator-col forminator-col-6 \"><div class=\"forminator-field\"><label for=\"forminator-field-name-1_69e2ee8f28789\" id=\"forminator-field-name-1_69e2ee8f28789-label\" class=\"forminator-label\">Votre nom <span class=\"forminator-required\">*<\/span><\/label><input type=\"text\" name=\"name-1\" value=\"\" placeholder=\"Votre nom\" id=\"forminator-field-name-1_69e2ee8f28789\" class=\"forminator-input forminator-name--field\" aria-required=\"true\" autocomplete=\"name\" \/><\/div><\/div><div id=\"text-2\" class=\"forminator-field-text forminator-col forminator-col-6 \"><div class=\"forminator-field\"><label for=\"forminator-field-text-2_69e2ee8f28789\" id=\"forminator-field-text-2_69e2ee8f28789-label\" class=\"forminator-label\">Pays<\/label><input type=\"text\" name=\"text-2\" value=\"\" placeholder=\"Pays\" id=\"forminator-field-text-2_69e2ee8f28789\" class=\"forminator-input forminator-name--field\" data-required=\"\" \/><\/div><\/div><\/div><div class=\"forminator-row\"><div id=\"text-1\" class=\"forminator-field-text forminator-col forminator-col-12 \"><div class=\"forminator-field\"><label for=\"forminator-field-text-1_69e2ee8f28789\" id=\"forminator-field-text-1_69e2ee8f28789-label\" class=\"forminator-label\">Soci\u00e9t\u00e9<\/label><input type=\"text\" name=\"text-1\" value=\"\" placeholder=\"Nom de la soci\u00e9t\u00e9\" id=\"forminator-field-text-1_69e2ee8f28789\" class=\"forminator-input forminator-name--field\" data-required=\"\" \/><\/div><\/div><\/div><div class=\"forminator-row\"><div id=\"email-1\" class=\"forminator-field-email forminator-col forminator-col-6 \"><div class=\"forminator-field\"><label for=\"forminator-field-email-1_69e2ee8f28789\" id=\"forminator-field-email-1_69e2ee8f28789-label\" class=\"forminator-label\">Adresse Email <span class=\"forminator-required\">*<\/span><\/label><input type=\"email\" name=\"email-1\" value=\"\" placeholder=\"Adresse Email\" id=\"forminator-field-email-1_69e2ee8f28789\" class=\"forminator-input forminator-email--field\" data-required=\"1\" aria-required=\"true\" autocomplete=\"email\" \/><\/div><\/div><div id=\"phone-1\" class=\"forminator-field-phone forminator-col forminator-col-6 \"><div class=\"forminator-field\"><label for=\"forminator-field-phone-1_69e2ee8f28789\" id=\"forminator-field-phone-1_69e2ee8f28789-label\" class=\"forminator-label\">T\u00e9l\u00e9phone <span class=\"forminator-required\">*<\/span><\/label><input type=\"text\" name=\"phone-1\" value=\"\" placeholder=\"T\u00e9l\u00e9phone\" id=\"forminator-field-phone-1_69e2ee8f28789\" class=\"forminator-input forminator-field--phone\" data-required=\"1\" aria-required=\"true\" autocomplete=\"off\" \/><\/div><\/div><\/div><div class=\"forminator-row\"><div id=\"textarea-1\" class=\"forminator-field-textarea forminator-col forminator-col-12 \"><div class=\"forminator-field\"><label for=\"forminator-field-textarea-1_69e2ee8f28789\" id=\"forminator-field-textarea-1_69e2ee8f28789-label\" class=\"forminator-label\">Message<\/label><textarea name=\"textarea-1\" placeholder=\"Votre message\" id=\"forminator-field-textarea-1_69e2ee8f28789\" class=\"forminator-textarea\" rows=\"6\" style=\"min-height:140px;\" ><\/textarea><\/div><\/div><\/div><div class=\"forminator-row\"><div id=\"checkbox-1\" class=\"forminator-field-checkbox forminator-col forminator-col-12 \"><div role=\"group\" class=\"forminator-field required\" aria-labelledby=\"forminator-checkbox-group-forminator-field-checkbox-1-69e2ee8f28789-label\"><label id=\"forminator-field-checkbox-1-1-69e2ee8f28789-label\" for=\"forminator-field-checkbox-1-1-69e2ee8f28789\" class=\"forminator-checkbox\" title=\"Inscrivez-vous \u00e0 notre liste de diffusion.\"><input type=\"checkbox\" name=\"checkbox-1[]\" value=\"one\" id=\"forminator-field-checkbox-1-1-69e2ee8f28789\" aria-labelledby=\"forminator-field-checkbox-1-1-69e2ee8f28789-label\" data-calculation=\"0\"   data-hidden-behavior=\"zero\"\/><span class=\"forminator-checkbox-box\" aria-hidden=\"true\"><\/span><span class=\"forminator-checkbox-label\">Inscrivez-vous \u00e0 notre liste de diffusion.<\/span><\/label><\/div><\/div><\/div><input type=\"hidden\" name=\"referer_url\" value=\"\" \/><div class=\"forminator-row forminator-row-last\"><div class=\"forminator-col\"><div class=\"forminator-field\"><button class=\"forminator-button forminator-button-submit\">Envoyer<\/button><\/div><\/div><\/div><input type=\"hidden\" id=\"forminator_nonce\" name=\"forminator_nonce\" value=\"6e16760d0e\" \/><input type=\"hidden\" name=\"_wp_http_referer\" value=\"\/fr\/wp-json\/wp\/v2\/pages\/4720\" \/><input type=\"hidden\" name=\"form_id\" value=\"19895\"><input type=\"hidden\" name=\"page_id\" value=\"4720\"><input type=\"hidden\" name=\"form_type\" value=\"default\"><input type=\"hidden\" name=\"current_url\" value=\"https:\/\/ej-bowman.com\/fr\/contactez-nous\/\"><input type=\"hidden\" name=\"render_id\" value=\"0\"><input type=\"hidden\" name=\"action\" value=\"forminator_submit_form_custom-forms\"><\/form><\/div>\n\t\t\t\t\t\t<\/div>\n\t\t\t\t<\/div>\n\t\t\t\t\t<\/div>\n\t\t\t\t<\/div>\n\t\t\t\t\t<\/div>\n\t\t\t\t<\/div>\n\t\t<div class=\"elementor-element elementor-element-4095eb7 e-flex e-con-boxed e-con e-parent\" data-id=\"4095eb7\" data-element_type=\"container\" data-settings=\"{&quot;background_background&quot;:&quot;gradient&quot;}\">\n\t\t\t\t\t<div class=\"e-con-inner\">\n\t\t<div class=\"elementor-element elementor-element-39b7696 e-con-full e-flex e-con e-child\" data-id=\"39b7696\" data-element_type=\"container\">\n\t\t<div class=\"elementor-element elementor-element-0ed79f4 e-con-full e-flex e-con e-child\" data-id=\"0ed79f4\" data-element_type=\"container\">\n\t\t\t\t<div class=\"elementor-element elementor-element-dd512db elementor-widget__width-inherit elementor-widget-laptop__width-inherit elementor-widget elementor-widget-heading\" data-id=\"dd512db\" data-element_type=\"widget\" data-widget_type=\"heading.default\">\n\t\t\t\t<div class=\"elementor-widget-container\">\n\t\t\t\t\t<h2 class=\"elementor-heading-title elementor-size-default\">Vous cherchez un distributeur local?<\/h2>\t\t\t\t<\/div>\n\t\t\t\t<\/div>\n\t\t\t\t<div class=\"elementor-element elementor-element-8a7830b elementor-widget__width-inherit elementor-widget elementor-widget-text-editor\" data-id=\"8a7830b\" data-element_type=\"widget\" data-widget_type=\"text-editor.default\">\n\t\t\t\t<div class=\"elementor-widget-container\">\n\t\t\t\t\t\t\t\t\t<p>De plus, un r\u00e9seau international de distributeurs Bowman agr\u00e9\u00e9s, qui d\u00e9tiennent des stocks de produits et fournissent un service local, est disponible.<\/p>\n\t\t\t\t\t\t\t\t<\/div>\n\t\t\t\t<\/div>\n\t\t\t\t<\/div>\n\t\t\t\t<\/div>\n\t\t<div class=\"elementor-element elementor-element-a7105d8 e-con-full e-flex e-con e-child\" data-id=\"a7105d8\" data-element_type=\"container\">\n\t\t\t\t<div class=\"elementor-element elementor-element-ead2597 elementor-mobile-align-center elementor-widget elementor-widget-button\" data-id=\"ead2597\" data-element_type=\"widget\" data-widget_type=\"button.default\">\n\t\t\t\t<div class=\"elementor-widget-container\">\n\t\t\t\t\t\t\t\t\t<div class=\"elementor-button-wrapper\">\n\t\t\t\t\t<a class=\"elementor-button elementor-button-link elementor-size-sm\" href=\"https:\/\/ej-bowman.com\/fr\/distributeurs\/\">\n\t\t\t\t\t\t<span class=\"elementor-button-content-wrapper\">\n\t\t\t\t\t\t\t\t\t<span class=\"elementor-button-text\">Trouvez votre distributeur local<\/span>\n\t\t\t\t\t<\/span>\n\t\t\t\t\t<\/a>\n\t\t\t\t<\/div>\n\t\t\t\t\t\t\t\t<\/div>\n\t\t\t\t<\/div>\n\t\t\t\t<\/div>\n\t\t\t\t\t<\/div>\n\t\t\t\t<\/div>\n\t\t<div class=\"elementor-element elementor-element-0d9cbe8 e-con-full e-flex e-con e-parent\" data-id=\"0d9cbe8\" data-element_type=\"container\">\n\t\t\t\t<div class=\"elementor-element elementor-element-7609c2c elementor-widget elementor-widget-google_maps\" data-id=\"7609c2c\" data-element_type=\"widget\" data-widget_type=\"google_maps.default\">\n\t\t\t\t<div class=\"elementor-widget-container\">\n\t\t\t\t\t\t\t<div class=\"elementor-custom-embed\">\n\t\t\t<iframe loading=\"lazy\"\n\t\t\t\t\tsrc=\"https:\/\/maps.google.com\/maps?q=EJ%20Bowman%2C%20Chester%20St%2C%20Birmingham%20B6%204AP%2C%20United%20Kingdom&#038;t=m&#038;z=17&#038;output=embed&#038;iwloc=near\"\n\t\t\t\t\ttitle=\"EJ Bowman, Chester St, Birmingham B6 4AP, United Kingdom\"\n\t\t\t\t\taria-label=\"EJ Bowman, Chester St, Birmingham B6 4AP, United Kingdom\"\n\t\t\t><\/iframe>\n\t\t<\/div>\n\t\t\t\t\t\t<\/div>\n\t\t\t\t<\/div>\n\t\t\t\t<\/div>\n\t\t\t\t<\/div>\n\t\t","protected":false},"excerpt":{"rendered":"<p>Avez-vous une question sp\u00e9cifique ou vous souhaitez parler \u00e0 l&rsquo;un de nos ing\u00e9nieurs technico-commerciaux ? Vouhaitez-vous nous contacter? Contactez-nous par t\u00e9l\u00e9phone ou email en utilisant les coordonn\u00e9es ci-dessous. Pour des [&hellip;]<\/p>\n","protected":false},"author":1,"featured_media":0,"parent":0,"menu_order":9,"comment_status":"closed","ping_status":"closed","template":"","meta":{"_acf_changed":false,"footnotes":""},"class_list":["post-4720","page","type-page","status-publish","hentry"],"acf":[],"yoast_head":"<!-- This site is optimized with the Yoast SEO plugin v26.4 - https:\/\/yoast.com\/wordpress\/plugins\/seo\/ -->\n<title>Contactez-nous - EJ Bowman<\/title>\n<meta name=\"description\" content=\"Contactez Bowman directement par courrier, t\u00e9l\u00e9phone et email ou demandez \u00e0 \u00eatre contact\u00e9. Identifiez \u00e9galement votre distributeur Bowman local le plus proche\" \/>\n<meta name=\"robots\" content=\"index, follow, max-snippet:-1, max-image-preview:large, max-video-preview:-1\" \/>\n<link rel=\"canonical\" href=\"https:\/\/ej-bowman.com\/fr\/contactez-nous\/\" \/>\n<meta property=\"og:locale\" content=\"fr_FR\" \/>\n<meta property=\"og:type\" content=\"article\" \/>\n<meta property=\"og:title\" content=\"Contactez-nous - EJ Bowman\" \/>\n<meta property=\"og:description\" content=\"Contactez Bowman directement par courrier, t\u00e9l\u00e9phone et email ou demandez \u00e0 \u00eatre contact\u00e9. Identifiez \u00e9galement votre distributeur Bowman local le plus proche\" \/>\n<meta property=\"og:url\" content=\"https:\/\/ej-bowman.com\/fr\/contactez-nous\/\" \/>\n<meta property=\"og:site_name\" content=\"EJ Bowman\" \/>\n<meta property=\"article:modified_time\" content=\"2025-11-07T13:57:25+00:00\" \/>\n<meta name=\"twitter:card\" content=\"summary_large_image\" \/>\n<meta name=\"twitter:label1\" content=\"Dur\u00e9e de lecture estim\u00e9e\" \/>\n\t<meta name=\"twitter:data1\" content=\"1 minute\" \/>\n<script type=\"application\/ld+json\" class=\"yoast-schema-graph\">{\"@context\":\"https:\/\/schema.org\",\"@graph\":[{\"@type\":\"WebPage\",\"@id\":\"https:\/\/ej-bowman.com\/fr\/contactez-nous\/\",\"url\":\"https:\/\/ej-bowman.com\/fr\/contactez-nous\/\",\"name\":\"Contactez-nous - EJ Bowman\",\"isPartOf\":{\"@id\":\"https:\/\/ej-bowman.com\/fr\/#website\"},\"datePublished\":\"2024-06-11T09:13:14+00:00\",\"dateModified\":\"2025-11-07T13:57:25+00:00\",\"description\":\"Contactez Bowman directement par courrier, t\u00e9l\u00e9phone et email ou demandez \u00e0 \u00eatre contact\u00e9. Identifiez \u00e9galement votre distributeur Bowman local le plus proche\",\"breadcrumb\":{\"@id\":\"https:\/\/ej-bowman.com\/fr\/contactez-nous\/#breadcrumb\"},\"inLanguage\":\"fr-FR\",\"potentialAction\":[{\"@type\":\"ReadAction\",\"target\":[\"https:\/\/ej-bowman.com\/fr\/contactez-nous\/\"]}]},{\"@type\":\"BreadcrumbList\",\"@id\":\"https:\/\/ej-bowman.com\/fr\/contactez-nous\/#breadcrumb\",\"itemListElement\":[{\"@type\":\"ListItem\",\"position\":1,\"name\":\"Home\",\"item\":\"https:\/\/ej-bowman.com\/fr\/\"},{\"@type\":\"ListItem\",\"position\":2,\"name\":\"Contactez-nous\"}]},{\"@type\":\"WebSite\",\"@id\":\"https:\/\/ej-bowman.com\/fr\/#website\",\"url\":\"https:\/\/ej-bowman.com\/fr\/\",\"name\":\"EJ Bowman\",\"description\":\"\",\"publisher\":{\"@id\":\"https:\/\/ej-bowman.com\/fr\/#organization\"},\"potentialAction\":[{\"@type\":\"SearchAction\",\"target\":{\"@type\":\"EntryPoint\",\"urlTemplate\":\"https:\/\/ej-bowman.com\/fr\/?s={search_term_string}\"},\"query-input\":{\"@type\":\"PropertyValueSpecification\",\"valueRequired\":true,\"valueName\":\"search_term_string\"}}],\"inLanguage\":\"fr-FR\"},{\"@type\":\"Organization\",\"@id\":\"https:\/\/ej-bowman.com\/fr\/#organization\",\"name\":\"EJ Bowman\",\"url\":\"https:\/\/ej-bowman.com\/fr\/\",\"logo\":{\"@type\":\"ImageObject\",\"inLanguage\":\"fr-FR\",\"@id\":\"https:\/\/ej-bowman.com\/fr\/#\/schema\/logo\/image\/\",\"url\":\"https:\/\/ej-bowman.com\/wp-content\/uploads\/2024\/06\/logo-updates.png\",\"contentUrl\":\"https:\/\/ej-bowman.com\/wp-content\/uploads\/2024\/06\/logo-updates.png\",\"width\":2404,\"height\":681,\"caption\":\"EJ Bowman\"},\"image\":{\"@id\":\"https:\/\/ej-bowman.com\/fr\/#\/schema\/logo\/image\/\"}}]}<\/script>\n<!-- \/ Yoast SEO plugin. -->","yoast_head_json":{"title":"Contactez-nous - EJ Bowman","description":"Contactez Bowman directement par courrier, t\u00e9l\u00e9phone et email ou demandez \u00e0 \u00eatre contact\u00e9. Identifiez \u00e9galement votre distributeur Bowman local le plus proche","robots":{"index":"index","follow":"follow","max-snippet":"max-snippet:-1","max-image-preview":"max-image-preview:large","max-video-preview":"max-video-preview:-1"},"canonical":"https:\/\/ej-bowman.com\/fr\/contactez-nous\/","og_locale":"fr_FR","og_type":"article","og_title":"Contactez-nous - EJ Bowman","og_description":"Contactez Bowman directement par courrier, t\u00e9l\u00e9phone et email ou demandez \u00e0 \u00eatre contact\u00e9. Identifiez \u00e9galement votre distributeur Bowman local le plus proche","og_url":"https:\/\/ej-bowman.com\/fr\/contactez-nous\/","og_site_name":"EJ Bowman","article_modified_time":"2025-11-07T13:57:25+00:00","twitter_card":"summary_large_image","twitter_misc":{"Dur\u00e9e de lecture estim\u00e9e":"1 minute"},"schema":{"@context":"https:\/\/schema.org","@graph":[{"@type":"WebPage","@id":"https:\/\/ej-bowman.com\/fr\/contactez-nous\/","url":"https:\/\/ej-bowman.com\/fr\/contactez-nous\/","name":"Contactez-nous - EJ Bowman","isPartOf":{"@id":"https:\/\/ej-bowman.com\/fr\/#website"},"datePublished":"2024-06-11T09:13:14+00:00","dateModified":"2025-11-07T13:57:25+00:00","description":"Contactez Bowman directement par courrier, t\u00e9l\u00e9phone et email ou demandez \u00e0 \u00eatre contact\u00e9. Identifiez \u00e9galement votre distributeur Bowman local le plus proche","breadcrumb":{"@id":"https:\/\/ej-bowman.com\/fr\/contactez-nous\/#breadcrumb"},"inLanguage":"fr-FR","potentialAction":[{"@type":"ReadAction","target":["https:\/\/ej-bowman.com\/fr\/contactez-nous\/"]}]},{"@type":"BreadcrumbList","@id":"https:\/\/ej-bowman.com\/fr\/contactez-nous\/#breadcrumb","itemListElement":[{"@type":"ListItem","position":1,"name":"Home","item":"https:\/\/ej-bowman.com\/fr\/"},{"@type":"ListItem","position":2,"name":"Contactez-nous"}]},{"@type":"WebSite","@id":"https:\/\/ej-bowman.com\/fr\/#website","url":"https:\/\/ej-bowman.com\/fr\/","name":"EJ Bowman","description":"","publisher":{"@id":"https:\/\/ej-bowman.com\/fr\/#organization"},"potentialAction":[{"@type":"SearchAction","target":{"@type":"EntryPoint","urlTemplate":"https:\/\/ej-bowman.com\/fr\/?s={search_term_string}"},"query-input":{"@type":"PropertyValueSpecification","valueRequired":true,"valueName":"search_term_string"}}],"inLanguage":"fr-FR"},{"@type":"Organization","@id":"https:\/\/ej-bowman.com\/fr\/#organization","name":"EJ Bowman","url":"https:\/\/ej-bowman.com\/fr\/","logo":{"@type":"ImageObject","inLanguage":"fr-FR","@id":"https:\/\/ej-bowman.com\/fr\/#\/schema\/logo\/image\/","url":"https:\/\/ej-bowman.com\/wp-content\/uploads\/2024\/06\/logo-updates.png","contentUrl":"https:\/\/ej-bowman.com\/wp-content\/uploads\/2024\/06\/logo-updates.png","width":2404,"height":681,"caption":"EJ Bowman"},"image":{"@id":"https:\/\/ej-bowman.com\/fr\/#\/schema\/logo\/image\/"}}]}},"_links":{"self":[{"href":"https:\/\/ej-bowman.com\/fr\/wp-json\/wp\/v2\/pages\/4720","targetHints":{"allow":["GET"]}}],"collection":[{"href":"https:\/\/ej-bowman.com\/fr\/wp-json\/wp\/v2\/pages"}],"about":[{"href":"https:\/\/ej-bowman.com\/fr\/wp-json\/wp\/v2\/types\/page"}],"author":[{"embeddable":true,"href":"https:\/\/ej-bowman.com\/fr\/wp-json\/wp\/v2\/users\/1"}],"replies":[{"embeddable":true,"href":"https:\/\/ej-bowman.com\/fr\/wp-json\/wp\/v2\/comments?post=4720"}],"version-history":[{"count":27,"href":"https:\/\/ej-bowman.com\/fr\/wp-json\/wp\/v2\/pages\/4720\/revisions"}],"predecessor-version":[{"id":22067,"href":"https:\/\/ej-bowman.com\/fr\/wp-json\/wp\/v2\/pages\/4720\/revisions\/22067"}],"wp:attachment":[{"href":"https:\/\/ej-bowman.com\/fr\/wp-json\/wp\/v2\/media?parent=4720"}],"curies":[{"name":"wp","href":"https:\/\/api.w.org\/{rel}","templated":true}]}}