{"id":5037,"date":"2024-07-18T06:53:48","date_gmt":"2024-07-18T06:53:48","guid":{"rendered":"https:\/\/ej-bowman.com\/product\/shell-and-tube-heat-exchangers\/"},"modified":"2025-11-10T15:56:15","modified_gmt":"2025-11-10T15:56:15","slug":"tubes-et-coques-pour-echangeurs-de-chaleur","status":"publish","type":"product","link":"https:\/\/ej-bowman.com\/fr\/produits\/tubes-et-coques-pour-echangeurs-de-chaleur\/","title":{"rendered":"Tubes et Coques pour \u00c9changeurs de Chaleur"},"content":{"rendered":"","protected":false},"excerpt":{"rendered":"<p>Des solutions de transfert de chaleur tr\u00e8s efficaces pour le refroidissement d&rsquo;une vari\u00e9t\u00e9 d\u2019applications o\u00f9 l&rsquo;air et les fluides doivent \u00eatre refroidis par des fluides.<\/p>\n","protected":false},"featured_media":7908,"template":"","class_list":["post-5037","product","type-product","status-publish","has-post-thumbnail","hentry"],"acf":[],"yoast_head":"<!-- This site is optimized with the Yoast SEO plugin v26.4 - https:\/\/yoast.com\/wordpress\/plugins\/seo\/ -->\n<title>Tubes et Coques pour \u00c9changeurs de Chaleur - EJ Bowman<\/title>\n<meta name=\"description\" content=\"\u00c9changeurs de chaleur \u00e0 coque et tubes tr\u00e8s efficaces pour le refroidissement air-fluide ou fluide-fluide, tels que compresseurs, moulage par injection, pompes et \u00e9quipements de traitement\" \/>\n<meta name=\"robots\" content=\"index, follow, max-snippet:-1, max-image-preview:large, max-video-preview:-1\" \/>\n<link rel=\"canonical\" href=\"https:\/\/ej-bowman.com\/fr\/produits\/tubes-et-coques-pour-echangeurs-de-chaleur\/\" \/>\n<meta property=\"og:locale\" content=\"fr_FR\" \/>\n<meta property=\"og:type\" content=\"article\" \/>\n<meta property=\"og:title\" content=\"Tubes et Coques pour \u00c9changeurs de Chaleur - EJ Bowman\" \/>\n<meta property=\"og:description\" content=\"\u00c9changeurs de chaleur \u00e0 coque et tubes tr\u00e8s efficaces pour le refroidissement air-fluide ou fluide-fluide, tels que compresseurs, moulage par injection, pompes et \u00e9quipements de traitement\" \/>\n<meta property=\"og:url\" content=\"https:\/\/ej-bowman.com\/fr\/produits\/tubes-et-coques-pour-echangeurs-de-chaleur\/\" \/>\n<meta property=\"og:site_name\" content=\"EJ Bowman\" \/>\n<meta property=\"article:modified_time\" content=\"2025-11-10T15:56:15+00:00\" \/>\n<meta property=\"og:image\" content=\"https:\/\/ej-bowman.com\/wp-content\/uploads\/2024\/07\/EJ-Bowman-Square_0002_Web-headers_ShellTube-22-scaled.jpg\" \/>\n\t<meta property=\"og:image:width\" content=\"2560\" \/>\n\t<meta property=\"og:image:height\" content=\"2560\" \/>\n\t<meta property=\"og:image:type\" content=\"image\/jpeg\" \/>\n<meta name=\"twitter:card\" content=\"summary_large_image\" \/>\n<meta name=\"twitter:label1\" content=\"Dur\u00e9e de lecture estim\u00e9e\" \/>\n\t<meta name=\"twitter:data1\" content=\"1 minute\" \/>\n<script type=\"application\/ld+json\" class=\"yoast-schema-graph\">{\"@context\":\"https:\/\/schema.org\",\"@graph\":[{\"@type\":\"WebPage\",\"@id\":\"https:\/\/ej-bowman.com\/fr\/produits\/tubes-et-coques-pour-echangeurs-de-chaleur\/\",\"url\":\"https:\/\/ej-bowman.com\/fr\/produits\/tubes-et-coques-pour-echangeurs-de-chaleur\/\",\"name\":\"Tubes et Coques pour \u00c9changeurs de Chaleur - EJ Bowman\",\"isPartOf\":{\"@id\":\"https:\/\/ej-bowman.com\/fr\/#website\"},\"primaryImageOfPage\":{\"@id\":\"https:\/\/ej-bowman.com\/fr\/produits\/tubes-et-coques-pour-echangeurs-de-chaleur\/#primaryimage\"},\"image\":{\"@id\":\"https:\/\/ej-bowman.com\/fr\/produits\/tubes-et-coques-pour-echangeurs-de-chaleur\/#primaryimage\"},\"thumbnailUrl\":\"https:\/\/ej-bowman.com\/wp-content\/uploads\/2024\/07\/EJ-Bowman-Square_0002_Web-headers_ShellTube-22-scaled.jpg\",\"datePublished\":\"2024-07-18T06:53:48+00:00\",\"dateModified\":\"2025-11-10T15:56:15+00:00\",\"description\":\"\u00c9changeurs de chaleur \u00e0 coque et tubes tr\u00e8s efficaces pour le refroidissement air-fluide ou fluide-fluide, tels que compresseurs, moulage par injection, pompes et \u00e9quipements de traitement\",\"breadcrumb\":{\"@id\":\"https:\/\/ej-bowman.com\/fr\/produits\/tubes-et-coques-pour-echangeurs-de-chaleur\/#breadcrumb\"},\"inLanguage\":\"fr-FR\",\"potentialAction\":[{\"@type\":\"ReadAction\",\"target\":[\"https:\/\/ej-bowman.com\/fr\/produits\/tubes-et-coques-pour-echangeurs-de-chaleur\/\"]}]},{\"@type\":\"ImageObject\",\"inLanguage\":\"fr-FR\",\"@id\":\"https:\/\/ej-bowman.com\/fr\/produits\/tubes-et-coques-pour-echangeurs-de-chaleur\/#primaryimage\",\"url\":\"https:\/\/ej-bowman.com\/wp-content\/uploads\/2024\/07\/EJ-Bowman-Square_0002_Web-headers_ShellTube-22-scaled.jpg\",\"contentUrl\":\"https:\/\/ej-bowman.com\/wp-content\/uploads\/2024\/07\/EJ-Bowman-Square_0002_Web-headers_ShellTube-22-scaled.jpg\",\"width\":2560,\"height\":2560,\"caption\":\"Shell Tube | EJ Bowman\"},{\"@type\":\"BreadcrumbList\",\"@id\":\"https:\/\/ej-bowman.com\/fr\/produits\/tubes-et-coques-pour-echangeurs-de-chaleur\/#breadcrumb\",\"itemListElement\":[{\"@type\":\"ListItem\",\"position\":1,\"name\":\"Home\",\"item\":\"https:\/\/ej-bowman.com\/fr\/\"},{\"@type\":\"ListItem\",\"position\":2,\"name\":\"Products\",\"item\":\"https:\/\/ej-bowman.com\/fr\/produits\/\"},{\"@type\":\"ListItem\",\"position\":3,\"name\":\"Tubes et Coques pour \u00c9changeurs de Chaleur\"}]},{\"@type\":\"WebSite\",\"@id\":\"https:\/\/ej-bowman.com\/fr\/#website\",\"url\":\"https:\/\/ej-bowman.com\/fr\/\",\"name\":\"EJ Bowman\",\"description\":\"\",\"publisher\":{\"@id\":\"https:\/\/ej-bowman.com\/fr\/#organization\"},\"potentialAction\":[{\"@type\":\"SearchAction\",\"target\":{\"@type\":\"EntryPoint\",\"urlTemplate\":\"https:\/\/ej-bowman.com\/fr\/?s={search_term_string}\"},\"query-input\":{\"@type\":\"PropertyValueSpecification\",\"valueRequired\":true,\"valueName\":\"search_term_string\"}}],\"inLanguage\":\"fr-FR\"},{\"@type\":\"Organization\",\"@id\":\"https:\/\/ej-bowman.com\/fr\/#organization\",\"name\":\"EJ Bowman\",\"url\":\"https:\/\/ej-bowman.com\/fr\/\",\"logo\":{\"@type\":\"ImageObject\",\"inLanguage\":\"fr-FR\",\"@id\":\"https:\/\/ej-bowman.com\/fr\/#\/schema\/logo\/image\/\",\"url\":\"https:\/\/ej-bowman.com\/wp-content\/uploads\/2024\/06\/logo-updates.png\",\"contentUrl\":\"https:\/\/ej-bowman.com\/wp-content\/uploads\/2024\/06\/logo-updates.png\",\"width\":2404,\"height\":681,\"caption\":\"EJ Bowman\"},\"image\":{\"@id\":\"https:\/\/ej-bowman.com\/fr\/#\/schema\/logo\/image\/\"}}]}<\/script>\n<!-- \/ Yoast SEO plugin. -->","yoast_head_json":{"title":"Tubes et Coques pour \u00c9changeurs de Chaleur - EJ Bowman","description":"\u00c9changeurs de chaleur \u00e0 coque et tubes tr\u00e8s efficaces pour le refroidissement air-fluide ou fluide-fluide, tels que compresseurs, moulage par injection, pompes et \u00e9quipements de traitement","robots":{"index":"index","follow":"follow","max-snippet":"max-snippet:-1","max-image-preview":"max-image-preview:large","max-video-preview":"max-video-preview:-1"},"canonical":"https:\/\/ej-bowman.com\/fr\/produits\/tubes-et-coques-pour-echangeurs-de-chaleur\/","og_locale":"fr_FR","og_type":"article","og_title":"Tubes et Coques pour \u00c9changeurs de Chaleur - EJ Bowman","og_description":"\u00c9changeurs de chaleur \u00e0 coque et tubes tr\u00e8s efficaces pour le refroidissement air-fluide ou fluide-fluide, tels que compresseurs, moulage par injection, pompes et \u00e9quipements de traitement","og_url":"https:\/\/ej-bowman.com\/fr\/produits\/tubes-et-coques-pour-echangeurs-de-chaleur\/","og_site_name":"EJ Bowman","article_modified_time":"2025-11-10T15:56:15+00:00","og_image":[{"width":2560,"height":2560,"url":"https:\/\/ej-bowman.com\/wp-content\/uploads\/2024\/07\/EJ-Bowman-Square_0002_Web-headers_ShellTube-22-scaled.jpg","type":"image\/jpeg"}],"twitter_card":"summary_large_image","twitter_misc":{"Dur\u00e9e de lecture estim\u00e9e":"1 minute"},"schema":{"@context":"https:\/\/schema.org","@graph":[{"@type":"WebPage","@id":"https:\/\/ej-bowman.com\/fr\/produits\/tubes-et-coques-pour-echangeurs-de-chaleur\/","url":"https:\/\/ej-bowman.com\/fr\/produits\/tubes-et-coques-pour-echangeurs-de-chaleur\/","name":"Tubes et Coques pour \u00c9changeurs de Chaleur - EJ Bowman","isPartOf":{"@id":"https:\/\/ej-bowman.com\/fr\/#website"},"primaryImageOfPage":{"@id":"https:\/\/ej-bowman.com\/fr\/produits\/tubes-et-coques-pour-echangeurs-de-chaleur\/#primaryimage"},"image":{"@id":"https:\/\/ej-bowman.com\/fr\/produits\/tubes-et-coques-pour-echangeurs-de-chaleur\/#primaryimage"},"thumbnailUrl":"https:\/\/ej-bowman.com\/wp-content\/uploads\/2024\/07\/EJ-Bowman-Square_0002_Web-headers_ShellTube-22-scaled.jpg","datePublished":"2024-07-18T06:53:48+00:00","dateModified":"2025-11-10T15:56:15+00:00","description":"\u00c9changeurs de chaleur \u00e0 coque et tubes tr\u00e8s efficaces pour le refroidissement air-fluide ou fluide-fluide, tels que compresseurs, moulage par injection, pompes et \u00e9quipements de traitement","breadcrumb":{"@id":"https:\/\/ej-bowman.com\/fr\/produits\/tubes-et-coques-pour-echangeurs-de-chaleur\/#breadcrumb"},"inLanguage":"fr-FR","potentialAction":[{"@type":"ReadAction","target":["https:\/\/ej-bowman.com\/fr\/produits\/tubes-et-coques-pour-echangeurs-de-chaleur\/"]}]},{"@type":"ImageObject","inLanguage":"fr-FR","@id":"https:\/\/ej-bowman.com\/fr\/produits\/tubes-et-coques-pour-echangeurs-de-chaleur\/#primaryimage","url":"https:\/\/ej-bowman.com\/wp-content\/uploads\/2024\/07\/EJ-Bowman-Square_0002_Web-headers_ShellTube-22-scaled.jpg","contentUrl":"https:\/\/ej-bowman.com\/wp-content\/uploads\/2024\/07\/EJ-Bowman-Square_0002_Web-headers_ShellTube-22-scaled.jpg","width":2560,"height":2560,"caption":"Shell Tube | EJ Bowman"},{"@type":"BreadcrumbList","@id":"https:\/\/ej-bowman.com\/fr\/produits\/tubes-et-coques-pour-echangeurs-de-chaleur\/#breadcrumb","itemListElement":[{"@type":"ListItem","position":1,"name":"Home","item":"https:\/\/ej-bowman.com\/fr\/"},{"@type":"ListItem","position":2,"name":"Products","item":"https:\/\/ej-bowman.com\/fr\/produits\/"},{"@type":"ListItem","position":3,"name":"Tubes et Coques pour \u00c9changeurs de Chaleur"}]},{"@type":"WebSite","@id":"https:\/\/ej-bowman.com\/fr\/#website","url":"https:\/\/ej-bowman.com\/fr\/","name":"EJ Bowman","description":"","publisher":{"@id":"https:\/\/ej-bowman.com\/fr\/#organization"},"potentialAction":[{"@type":"SearchAction","target":{"@type":"EntryPoint","urlTemplate":"https:\/\/ej-bowman.com\/fr\/?s={search_term_string}"},"query-input":{"@type":"PropertyValueSpecification","valueRequired":true,"valueName":"search_term_string"}}],"inLanguage":"fr-FR"},{"@type":"Organization","@id":"https:\/\/ej-bowman.com\/fr\/#organization","name":"EJ Bowman","url":"https:\/\/ej-bowman.com\/fr\/","logo":{"@type":"ImageObject","inLanguage":"fr-FR","@id":"https:\/\/ej-bowman.com\/fr\/#\/schema\/logo\/image\/","url":"https:\/\/ej-bowman.com\/wp-content\/uploads\/2024\/06\/logo-updates.png","contentUrl":"https:\/\/ej-bowman.com\/wp-content\/uploads\/2024\/06\/logo-updates.png","width":2404,"height":681,"caption":"EJ Bowman"},"image":{"@id":"https:\/\/ej-bowman.com\/fr\/#\/schema\/logo\/image\/"}}]}},"_links":{"self":[{"href":"https:\/\/ej-bowman.com\/fr\/wp-json\/wp\/v2\/product\/5037","targetHints":{"allow":["GET"]}}],"collection":[{"href":"https:\/\/ej-bowman.com\/fr\/wp-json\/wp\/v2\/product"}],"about":[{"href":"https:\/\/ej-bowman.com\/fr\/wp-json\/wp\/v2\/types\/product"}],"version-history":[{"count":8,"href":"https:\/\/ej-bowman.com\/fr\/wp-json\/wp\/v2\/product\/5037\/revisions"}],"predecessor-version":[{"id":18656,"href":"https:\/\/ej-bowman.com\/fr\/wp-json\/wp\/v2\/product\/5037\/revisions\/18656"}],"wp:featuredmedia":[{"embeddable":true,"href":"https:\/\/ej-bowman.com\/fr\/wp-json\/wp\/v2\/media\/7908"}],"wp:attachment":[{"href":"https:\/\/ej-bowman.com\/fr\/wp-json\/wp\/v2\/media?parent=5037"}],"curies":[{"name":"wp","href":"https:\/\/api.w.org\/{rel}","templated":true}]}}