{"id":5072,"date":"2024-06-20T06:38:57","date_gmt":"2024-06-20T06:38:57","guid":{"rendered":"https:\/\/ej-bowman.com\/product\/hydraulic-oil-coolers\/"},"modified":"2025-11-10T15:56:16","modified_gmt":"2025-11-10T15:56:16","slug":"refroidisseurs-dhuile-hydraulique","status":"publish","type":"product","link":"https:\/\/ej-bowman.com\/fr\/produits\/refroidisseurs-dhuile-hydraulique\/","title":{"rendered":"Refroidisseurs d&rsquo;Huile Hydraulique"},"content":{"rendered":"","protected":false},"excerpt":{"rendered":"<p>Solutions de transfert de chaleur hautement efficaces pour le refroidissement des syst\u00e8mes marins, terrestres et souterrains hydrauliques.<\/p>\n","protected":false},"featured_media":7794,"template":"","class_list":["post-5072","product","type-product","status-publish","has-post-thumbnail","hentry"],"acf":[],"yoast_head":"<!-- This site is optimized with the Yoast SEO plugin v26.4 - https:\/\/yoast.com\/wordpress\/plugins\/seo\/ -->\n<title>Refroidisseurs d&#039;Huile Hydraulique - EJ Bowman<\/title>\n<meta name=\"description\" content=\"Refroidisseurs d&#039;huile \u00e0 coque et tube de qualit\u00e9 sup\u00e9rieure pour les \u00e9quipements hydrauliques marins, terrestres et miniers. La large gamme comprend des versions haute temp\u00e9rature pour une huile jusqu&#039;\u00e0 200 \u00b0C\" \/>\n<meta name=\"robots\" content=\"index, follow, max-snippet:-1, max-image-preview:large, max-video-preview:-1\" \/>\n<link rel=\"canonical\" href=\"https:\/\/ej-bowman.com\/fr\/produits\/refroidisseurs-dhuile-hydraulique\/\" \/>\n<meta property=\"og:locale\" content=\"fr_FR\" \/>\n<meta property=\"og:type\" content=\"article\" \/>\n<meta property=\"og:title\" content=\"Refroidisseurs d&#039;Huile Hydraulique - EJ Bowman\" \/>\n<meta property=\"og:description\" content=\"Refroidisseurs d&#039;huile \u00e0 coque et tube de qualit\u00e9 sup\u00e9rieure pour les \u00e9quipements hydrauliques marins, terrestres et miniers. La large gamme comprend des versions haute temp\u00e9rature pour une huile jusqu&#039;\u00e0 200 \u00b0C\" \/>\n<meta property=\"og:url\" content=\"https:\/\/ej-bowman.com\/fr\/produits\/refroidisseurs-dhuile-hydraulique\/\" \/>\n<meta property=\"og:site_name\" content=\"EJ Bowman\" \/>\n<meta property=\"article:modified_time\" content=\"2025-11-10T15:56:16+00:00\" \/>\n<meta property=\"og:image\" content=\"https:\/\/ej-bowman.com\/wp-content\/uploads\/2025\/01\/EJ-Bowman-Square_0004_Web-headers_Oilcooler-scaled.jpg\" \/>\n\t<meta property=\"og:image:width\" content=\"2560\" \/>\n\t<meta property=\"og:image:height\" content=\"2560\" \/>\n\t<meta property=\"og:image:type\" content=\"image\/jpeg\" \/>\n<meta name=\"twitter:card\" content=\"summary_large_image\" \/>\n<meta name=\"twitter:label1\" content=\"Dur\u00e9e de lecture estim\u00e9e\" \/>\n\t<meta name=\"twitter:data1\" content=\"1 minute\" \/>\n<script type=\"application\/ld+json\" class=\"yoast-schema-graph\">{\"@context\":\"https:\/\/schema.org\",\"@graph\":[{\"@type\":\"WebPage\",\"@id\":\"https:\/\/ej-bowman.com\/fr\/produits\/refroidisseurs-dhuile-hydraulique\/\",\"url\":\"https:\/\/ej-bowman.com\/fr\/produits\/refroidisseurs-dhuile-hydraulique\/\",\"name\":\"Refroidisseurs d'Huile Hydraulique - EJ Bowman\",\"isPartOf\":{\"@id\":\"https:\/\/ej-bowman.com\/fr\/#website\"},\"primaryImageOfPage\":{\"@id\":\"https:\/\/ej-bowman.com\/fr\/produits\/refroidisseurs-dhuile-hydraulique\/#primaryimage\"},\"image\":{\"@id\":\"https:\/\/ej-bowman.com\/fr\/produits\/refroidisseurs-dhuile-hydraulique\/#primaryimage\"},\"thumbnailUrl\":\"https:\/\/ej-bowman.com\/wp-content\/uploads\/2025\/01\/EJ-Bowman-Square_0004_Web-headers_Oilcooler-scaled.jpg\",\"datePublished\":\"2024-06-20T06:38:57+00:00\",\"dateModified\":\"2025-11-10T15:56:16+00:00\",\"description\":\"Refroidisseurs d'huile \u00e0 coque et tube de qualit\u00e9 sup\u00e9rieure pour les \u00e9quipements hydrauliques marins, terrestres et miniers. La large gamme comprend des versions haute temp\u00e9rature pour une huile jusqu'\u00e0 200 \u00b0C\",\"breadcrumb\":{\"@id\":\"https:\/\/ej-bowman.com\/fr\/produits\/refroidisseurs-dhuile-hydraulique\/#breadcrumb\"},\"inLanguage\":\"fr-FR\",\"potentialAction\":[{\"@type\":\"ReadAction\",\"target\":[\"https:\/\/ej-bowman.com\/fr\/produits\/refroidisseurs-dhuile-hydraulique\/\"]}]},{\"@type\":\"ImageObject\",\"inLanguage\":\"fr-FR\",\"@id\":\"https:\/\/ej-bowman.com\/fr\/produits\/refroidisseurs-dhuile-hydraulique\/#primaryimage\",\"url\":\"https:\/\/ej-bowman.com\/wp-content\/uploads\/2025\/01\/EJ-Bowman-Square_0004_Web-headers_Oilcooler-scaled.jpg\",\"contentUrl\":\"https:\/\/ej-bowman.com\/wp-content\/uploads\/2025\/01\/EJ-Bowman-Square_0004_Web-headers_Oilcooler-scaled.jpg\",\"width\":2560,\"height\":2560,\"caption\":\"Oil Cooler | EJ Bowman\"},{\"@type\":\"BreadcrumbList\",\"@id\":\"https:\/\/ej-bowman.com\/fr\/produits\/refroidisseurs-dhuile-hydraulique\/#breadcrumb\",\"itemListElement\":[{\"@type\":\"ListItem\",\"position\":1,\"name\":\"Home\",\"item\":\"https:\/\/ej-bowman.com\/fr\/\"},{\"@type\":\"ListItem\",\"position\":2,\"name\":\"Products\",\"item\":\"https:\/\/ej-bowman.com\/fr\/produits\/\"},{\"@type\":\"ListItem\",\"position\":3,\"name\":\"Refroidisseurs d&#8217;Huile Hydraulique\"}]},{\"@type\":\"WebSite\",\"@id\":\"https:\/\/ej-bowman.com\/fr\/#website\",\"url\":\"https:\/\/ej-bowman.com\/fr\/\",\"name\":\"EJ Bowman\",\"description\":\"\",\"publisher\":{\"@id\":\"https:\/\/ej-bowman.com\/fr\/#organization\"},\"potentialAction\":[{\"@type\":\"SearchAction\",\"target\":{\"@type\":\"EntryPoint\",\"urlTemplate\":\"https:\/\/ej-bowman.com\/fr\/?s={search_term_string}\"},\"query-input\":{\"@type\":\"PropertyValueSpecification\",\"valueRequired\":true,\"valueName\":\"search_term_string\"}}],\"inLanguage\":\"fr-FR\"},{\"@type\":\"Organization\",\"@id\":\"https:\/\/ej-bowman.com\/fr\/#organization\",\"name\":\"EJ Bowman\",\"url\":\"https:\/\/ej-bowman.com\/fr\/\",\"logo\":{\"@type\":\"ImageObject\",\"inLanguage\":\"fr-FR\",\"@id\":\"https:\/\/ej-bowman.com\/fr\/#\/schema\/logo\/image\/\",\"url\":\"https:\/\/ej-bowman.com\/wp-content\/uploads\/2024\/06\/logo-updates.png\",\"contentUrl\":\"https:\/\/ej-bowman.com\/wp-content\/uploads\/2024\/06\/logo-updates.png\",\"width\":2404,\"height\":681,\"caption\":\"EJ Bowman\"},\"image\":{\"@id\":\"https:\/\/ej-bowman.com\/fr\/#\/schema\/logo\/image\/\"}}]}<\/script>\n<!-- \/ Yoast SEO plugin. -->","yoast_head_json":{"title":"Refroidisseurs d'Huile Hydraulique - EJ Bowman","description":"Refroidisseurs d'huile \u00e0 coque et tube de qualit\u00e9 sup\u00e9rieure pour les \u00e9quipements hydrauliques marins, terrestres et miniers. La large gamme comprend des versions haute temp\u00e9rature pour une huile jusqu'\u00e0 200 \u00b0C","robots":{"index":"index","follow":"follow","max-snippet":"max-snippet:-1","max-image-preview":"max-image-preview:large","max-video-preview":"max-video-preview:-1"},"canonical":"https:\/\/ej-bowman.com\/fr\/produits\/refroidisseurs-dhuile-hydraulique\/","og_locale":"fr_FR","og_type":"article","og_title":"Refroidisseurs d'Huile Hydraulique - EJ Bowman","og_description":"Refroidisseurs d'huile \u00e0 coque et tube de qualit\u00e9 sup\u00e9rieure pour les \u00e9quipements hydrauliques marins, terrestres et miniers. La large gamme comprend des versions haute temp\u00e9rature pour une huile jusqu'\u00e0 200 \u00b0C","og_url":"https:\/\/ej-bowman.com\/fr\/produits\/refroidisseurs-dhuile-hydraulique\/","og_site_name":"EJ Bowman","article_modified_time":"2025-11-10T15:56:16+00:00","og_image":[{"width":2560,"height":2560,"url":"https:\/\/ej-bowman.com\/wp-content\/uploads\/2025\/01\/EJ-Bowman-Square_0004_Web-headers_Oilcooler-scaled.jpg","type":"image\/jpeg"}],"twitter_card":"summary_large_image","twitter_misc":{"Dur\u00e9e de lecture estim\u00e9e":"1 minute"},"schema":{"@context":"https:\/\/schema.org","@graph":[{"@type":"WebPage","@id":"https:\/\/ej-bowman.com\/fr\/produits\/refroidisseurs-dhuile-hydraulique\/","url":"https:\/\/ej-bowman.com\/fr\/produits\/refroidisseurs-dhuile-hydraulique\/","name":"Refroidisseurs d'Huile Hydraulique - EJ Bowman","isPartOf":{"@id":"https:\/\/ej-bowman.com\/fr\/#website"},"primaryImageOfPage":{"@id":"https:\/\/ej-bowman.com\/fr\/produits\/refroidisseurs-dhuile-hydraulique\/#primaryimage"},"image":{"@id":"https:\/\/ej-bowman.com\/fr\/produits\/refroidisseurs-dhuile-hydraulique\/#primaryimage"},"thumbnailUrl":"https:\/\/ej-bowman.com\/wp-content\/uploads\/2025\/01\/EJ-Bowman-Square_0004_Web-headers_Oilcooler-scaled.jpg","datePublished":"2024-06-20T06:38:57+00:00","dateModified":"2025-11-10T15:56:16+00:00","description":"Refroidisseurs d'huile \u00e0 coque et tube de qualit\u00e9 sup\u00e9rieure pour les \u00e9quipements hydrauliques marins, terrestres et miniers. La large gamme comprend des versions haute temp\u00e9rature pour une huile jusqu'\u00e0 200 \u00b0C","breadcrumb":{"@id":"https:\/\/ej-bowman.com\/fr\/produits\/refroidisseurs-dhuile-hydraulique\/#breadcrumb"},"inLanguage":"fr-FR","potentialAction":[{"@type":"ReadAction","target":["https:\/\/ej-bowman.com\/fr\/produits\/refroidisseurs-dhuile-hydraulique\/"]}]},{"@type":"ImageObject","inLanguage":"fr-FR","@id":"https:\/\/ej-bowman.com\/fr\/produits\/refroidisseurs-dhuile-hydraulique\/#primaryimage","url":"https:\/\/ej-bowman.com\/wp-content\/uploads\/2025\/01\/EJ-Bowman-Square_0004_Web-headers_Oilcooler-scaled.jpg","contentUrl":"https:\/\/ej-bowman.com\/wp-content\/uploads\/2025\/01\/EJ-Bowman-Square_0004_Web-headers_Oilcooler-scaled.jpg","width":2560,"height":2560,"caption":"Oil Cooler | EJ Bowman"},{"@type":"BreadcrumbList","@id":"https:\/\/ej-bowman.com\/fr\/produits\/refroidisseurs-dhuile-hydraulique\/#breadcrumb","itemListElement":[{"@type":"ListItem","position":1,"name":"Home","item":"https:\/\/ej-bowman.com\/fr\/"},{"@type":"ListItem","position":2,"name":"Products","item":"https:\/\/ej-bowman.com\/fr\/produits\/"},{"@type":"ListItem","position":3,"name":"Refroidisseurs d&#8217;Huile Hydraulique"}]},{"@type":"WebSite","@id":"https:\/\/ej-bowman.com\/fr\/#website","url":"https:\/\/ej-bowman.com\/fr\/","name":"EJ Bowman","description":"","publisher":{"@id":"https:\/\/ej-bowman.com\/fr\/#organization"},"potentialAction":[{"@type":"SearchAction","target":{"@type":"EntryPoint","urlTemplate":"https:\/\/ej-bowman.com\/fr\/?s={search_term_string}"},"query-input":{"@type":"PropertyValueSpecification","valueRequired":true,"valueName":"search_term_string"}}],"inLanguage":"fr-FR"},{"@type":"Organization","@id":"https:\/\/ej-bowman.com\/fr\/#organization","name":"EJ Bowman","url":"https:\/\/ej-bowman.com\/fr\/","logo":{"@type":"ImageObject","inLanguage":"fr-FR","@id":"https:\/\/ej-bowman.com\/fr\/#\/schema\/logo\/image\/","url":"https:\/\/ej-bowman.com\/wp-content\/uploads\/2024\/06\/logo-updates.png","contentUrl":"https:\/\/ej-bowman.com\/wp-content\/uploads\/2024\/06\/logo-updates.png","width":2404,"height":681,"caption":"EJ Bowman"},"image":{"@id":"https:\/\/ej-bowman.com\/fr\/#\/schema\/logo\/image\/"}}]}},"_links":{"self":[{"href":"https:\/\/ej-bowman.com\/fr\/wp-json\/wp\/v2\/product\/5072","targetHints":{"allow":["GET"]}}],"collection":[{"href":"https:\/\/ej-bowman.com\/fr\/wp-json\/wp\/v2\/product"}],"about":[{"href":"https:\/\/ej-bowman.com\/fr\/wp-json\/wp\/v2\/types\/product"}],"version-history":[{"count":8,"href":"https:\/\/ej-bowman.com\/fr\/wp-json\/wp\/v2\/product\/5072\/revisions"}],"predecessor-version":[{"id":18645,"href":"https:\/\/ej-bowman.com\/fr\/wp-json\/wp\/v2\/product\/5072\/revisions\/18645"}],"wp:featuredmedia":[{"embeddable":true,"href":"https:\/\/ej-bowman.com\/fr\/wp-json\/wp\/v2\/media\/7794"}],"wp:attachment":[{"href":"https:\/\/ej-bowman.com\/fr\/wp-json\/wp\/v2\/media?parent=5072"}],"curies":[{"name":"wp","href":"https:\/\/api.w.org\/{rel}","templated":true}]}}