{"id":5100,"date":"2024-06-20T06:37:28","date_gmt":"2024-06-20T06:37:28","guid":{"rendered":"https:\/\/ej-bowman.com\/product\/exhaust-gas-heat-exchangers\/"},"modified":"2025-11-10T15:56:18","modified_gmt":"2025-11-10T15:56:18","slug":"echangeur-de-chaleur-de-gaz-dechappement","status":"publish","type":"product","link":"https:\/\/ej-bowman.com\/fr\/produits\/echangeur-de-chaleur-de-gaz-dechappement\/","title":{"rendered":"\u00c9changeurs de Chaleur pour Gaz d&rsquo;\u00c9chappement"},"content":{"rendered":"","protected":false},"excerpt":{"rendered":"<p>Les \u00e9changeurs de chaleur \u00e0 gaz d&rsquo;\u00e9chappement sont con\u00e7us pour r\u00e9cup\u00e9rer les d\u00e9chets d\u2019\u00e9nergie thermique du flux d&rsquo;\u00e9chappement du groupes \u00e9lectrog\u00e8nes \u00e0 moteur alternatif.<\/p>\n","protected":false},"featured_media":7731,"template":"","class_list":["post-5100","product","type-product","status-publish","has-post-thumbnail","hentry"],"acf":[],"yoast_head":"<!-- This site is optimized with the Yoast SEO plugin v26.4 - https:\/\/yoast.com\/wordpress\/plugins\/seo\/ -->\n<title>\u00c9changeurs de Chaleur pour Gaz d&#039;\u00c9chappement - EJ Bowman<\/title>\n<meta name=\"description\" content=\"\u00c9changeurs de chaleur pour gaz d\u2019\u00e9chappement pour r\u00e9cup\u00e9rer la chaleur perdue du flux d\u2019\u00e9chappement d\u2019un moteur diesel ou \u00e0 gaz et la convertir en une source d\u2019\u00e9nergie pr\u00e9cieuse en chauffant l\u2019eau\" \/>\n<meta name=\"robots\" content=\"index, follow, max-snippet:-1, max-image-preview:large, max-video-preview:-1\" \/>\n<link rel=\"canonical\" href=\"https:\/\/ej-bowman.com\/fr\/produits\/echangeur-de-chaleur-de-gaz-dechappement\/\" \/>\n<meta property=\"og:locale\" content=\"fr_FR\" \/>\n<meta property=\"og:type\" content=\"article\" \/>\n<meta property=\"og:title\" content=\"\u00c9changeurs de Chaleur pour Gaz d&#039;\u00c9chappement - EJ Bowman\" \/>\n<meta property=\"og:description\" content=\"\u00c9changeurs de chaleur pour gaz d\u2019\u00e9chappement pour r\u00e9cup\u00e9rer la chaleur perdue du flux d\u2019\u00e9chappement d\u2019un moteur diesel ou \u00e0 gaz et la convertir en une source d\u2019\u00e9nergie pr\u00e9cieuse en chauffant l\u2019eau\" \/>\n<meta property=\"og:url\" content=\"https:\/\/ej-bowman.com\/fr\/produits\/echangeur-de-chaleur-de-gaz-dechappement\/\" \/>\n<meta property=\"og:site_name\" content=\"EJ Bowman\" \/>\n<meta property=\"article:modified_time\" content=\"2025-11-10T15:56:18+00:00\" \/>\n<meta property=\"og:image\" content=\"https:\/\/ej-bowman.com\/wp-content\/uploads\/2025\/01\/EJ-Bowman-Square_0006_Web-headers_Exhaust-scaled.jpg\" \/>\n\t<meta property=\"og:image:width\" content=\"2560\" \/>\n\t<meta property=\"og:image:height\" content=\"2560\" \/>\n\t<meta property=\"og:image:type\" content=\"image\/jpeg\" \/>\n<meta name=\"twitter:card\" content=\"summary_large_image\" \/>\n<meta name=\"twitter:label1\" content=\"Dur\u00e9e de lecture estim\u00e9e\" \/>\n\t<meta name=\"twitter:data1\" content=\"1 minute\" \/>\n<script type=\"application\/ld+json\" class=\"yoast-schema-graph\">{\"@context\":\"https:\/\/schema.org\",\"@graph\":[{\"@type\":\"WebPage\",\"@id\":\"https:\/\/ej-bowman.com\/fr\/produits\/echangeur-de-chaleur-de-gaz-dechappement\/\",\"url\":\"https:\/\/ej-bowman.com\/fr\/produits\/echangeur-de-chaleur-de-gaz-dechappement\/\",\"name\":\"\u00c9changeurs de Chaleur pour Gaz d'\u00c9chappement - EJ Bowman\",\"isPartOf\":{\"@id\":\"https:\/\/ej-bowman.com\/fr\/#website\"},\"primaryImageOfPage\":{\"@id\":\"https:\/\/ej-bowman.com\/fr\/produits\/echangeur-de-chaleur-de-gaz-dechappement\/#primaryimage\"},\"image\":{\"@id\":\"https:\/\/ej-bowman.com\/fr\/produits\/echangeur-de-chaleur-de-gaz-dechappement\/#primaryimage\"},\"thumbnailUrl\":\"https:\/\/ej-bowman.com\/wp-content\/uploads\/2025\/01\/EJ-Bowman-Square_0006_Web-headers_Exhaust-scaled.jpg\",\"datePublished\":\"2024-06-20T06:37:28+00:00\",\"dateModified\":\"2025-11-10T15:56:18+00:00\",\"description\":\"\u00c9changeurs de chaleur pour gaz d\u2019\u00e9chappement pour r\u00e9cup\u00e9rer la chaleur perdue du flux d\u2019\u00e9chappement d\u2019un moteur diesel ou \u00e0 gaz et la convertir en une source d\u2019\u00e9nergie pr\u00e9cieuse en chauffant l\u2019eau\",\"breadcrumb\":{\"@id\":\"https:\/\/ej-bowman.com\/fr\/produits\/echangeur-de-chaleur-de-gaz-dechappement\/#breadcrumb\"},\"inLanguage\":\"fr-FR\",\"potentialAction\":[{\"@type\":\"ReadAction\",\"target\":[\"https:\/\/ej-bowman.com\/fr\/produits\/echangeur-de-chaleur-de-gaz-dechappement\/\"]}]},{\"@type\":\"ImageObject\",\"inLanguage\":\"fr-FR\",\"@id\":\"https:\/\/ej-bowman.com\/fr\/produits\/echangeur-de-chaleur-de-gaz-dechappement\/#primaryimage\",\"url\":\"https:\/\/ej-bowman.com\/wp-content\/uploads\/2025\/01\/EJ-Bowman-Square_0006_Web-headers_Exhaust-scaled.jpg\",\"contentUrl\":\"https:\/\/ej-bowman.com\/wp-content\/uploads\/2025\/01\/EJ-Bowman-Square_0006_Web-headers_Exhaust-scaled.jpg\",\"width\":2560,\"height\":2560,\"caption\":\"Exhaust | EJ Bowman\"},{\"@type\":\"BreadcrumbList\",\"@id\":\"https:\/\/ej-bowman.com\/fr\/produits\/echangeur-de-chaleur-de-gaz-dechappement\/#breadcrumb\",\"itemListElement\":[{\"@type\":\"ListItem\",\"position\":1,\"name\":\"Home\",\"item\":\"https:\/\/ej-bowman.com\/fr\/\"},{\"@type\":\"ListItem\",\"position\":2,\"name\":\"Products\",\"item\":\"https:\/\/ej-bowman.com\/fr\/produits\/\"},{\"@type\":\"ListItem\",\"position\":3,\"name\":\"\u00c9changeurs de Chaleur pour Gaz d&#8217;\u00c9chappement\"}]},{\"@type\":\"WebSite\",\"@id\":\"https:\/\/ej-bowman.com\/fr\/#website\",\"url\":\"https:\/\/ej-bowman.com\/fr\/\",\"name\":\"EJ Bowman\",\"description\":\"\",\"publisher\":{\"@id\":\"https:\/\/ej-bowman.com\/fr\/#organization\"},\"potentialAction\":[{\"@type\":\"SearchAction\",\"target\":{\"@type\":\"EntryPoint\",\"urlTemplate\":\"https:\/\/ej-bowman.com\/fr\/?s={search_term_string}\"},\"query-input\":{\"@type\":\"PropertyValueSpecification\",\"valueRequired\":true,\"valueName\":\"search_term_string\"}}],\"inLanguage\":\"fr-FR\"},{\"@type\":\"Organization\",\"@id\":\"https:\/\/ej-bowman.com\/fr\/#organization\",\"name\":\"EJ Bowman\",\"url\":\"https:\/\/ej-bowman.com\/fr\/\",\"logo\":{\"@type\":\"ImageObject\",\"inLanguage\":\"fr-FR\",\"@id\":\"https:\/\/ej-bowman.com\/fr\/#\/schema\/logo\/image\/\",\"url\":\"https:\/\/ej-bowman.com\/wp-content\/uploads\/2024\/06\/logo-updates.png\",\"contentUrl\":\"https:\/\/ej-bowman.com\/wp-content\/uploads\/2024\/06\/logo-updates.png\",\"width\":2404,\"height\":681,\"caption\":\"EJ Bowman\"},\"image\":{\"@id\":\"https:\/\/ej-bowman.com\/fr\/#\/schema\/logo\/image\/\"}}]}<\/script>\n<!-- \/ Yoast SEO plugin. -->","yoast_head_json":{"title":"\u00c9changeurs de Chaleur pour Gaz d'\u00c9chappement - EJ Bowman","description":"\u00c9changeurs de chaleur pour gaz d\u2019\u00e9chappement pour r\u00e9cup\u00e9rer la chaleur perdue du flux d\u2019\u00e9chappement d\u2019un moteur diesel ou \u00e0 gaz et la convertir en une source d\u2019\u00e9nergie pr\u00e9cieuse en chauffant l\u2019eau","robots":{"index":"index","follow":"follow","max-snippet":"max-snippet:-1","max-image-preview":"max-image-preview:large","max-video-preview":"max-video-preview:-1"},"canonical":"https:\/\/ej-bowman.com\/fr\/produits\/echangeur-de-chaleur-de-gaz-dechappement\/","og_locale":"fr_FR","og_type":"article","og_title":"\u00c9changeurs de Chaleur pour Gaz d'\u00c9chappement - EJ Bowman","og_description":"\u00c9changeurs de chaleur pour gaz d\u2019\u00e9chappement pour r\u00e9cup\u00e9rer la chaleur perdue du flux d\u2019\u00e9chappement d\u2019un moteur diesel ou \u00e0 gaz et la convertir en une source d\u2019\u00e9nergie pr\u00e9cieuse en chauffant l\u2019eau","og_url":"https:\/\/ej-bowman.com\/fr\/produits\/echangeur-de-chaleur-de-gaz-dechappement\/","og_site_name":"EJ Bowman","article_modified_time":"2025-11-10T15:56:18+00:00","og_image":[{"width":2560,"height":2560,"url":"https:\/\/ej-bowman.com\/wp-content\/uploads\/2025\/01\/EJ-Bowman-Square_0006_Web-headers_Exhaust-scaled.jpg","type":"image\/jpeg"}],"twitter_card":"summary_large_image","twitter_misc":{"Dur\u00e9e de lecture estim\u00e9e":"1 minute"},"schema":{"@context":"https:\/\/schema.org","@graph":[{"@type":"WebPage","@id":"https:\/\/ej-bowman.com\/fr\/produits\/echangeur-de-chaleur-de-gaz-dechappement\/","url":"https:\/\/ej-bowman.com\/fr\/produits\/echangeur-de-chaleur-de-gaz-dechappement\/","name":"\u00c9changeurs de Chaleur pour Gaz d'\u00c9chappement - EJ Bowman","isPartOf":{"@id":"https:\/\/ej-bowman.com\/fr\/#website"},"primaryImageOfPage":{"@id":"https:\/\/ej-bowman.com\/fr\/produits\/echangeur-de-chaleur-de-gaz-dechappement\/#primaryimage"},"image":{"@id":"https:\/\/ej-bowman.com\/fr\/produits\/echangeur-de-chaleur-de-gaz-dechappement\/#primaryimage"},"thumbnailUrl":"https:\/\/ej-bowman.com\/wp-content\/uploads\/2025\/01\/EJ-Bowman-Square_0006_Web-headers_Exhaust-scaled.jpg","datePublished":"2024-06-20T06:37:28+00:00","dateModified":"2025-11-10T15:56:18+00:00","description":"\u00c9changeurs de chaleur pour gaz d\u2019\u00e9chappement pour r\u00e9cup\u00e9rer la chaleur perdue du flux d\u2019\u00e9chappement d\u2019un moteur diesel ou \u00e0 gaz et la convertir en une source d\u2019\u00e9nergie pr\u00e9cieuse en chauffant l\u2019eau","breadcrumb":{"@id":"https:\/\/ej-bowman.com\/fr\/produits\/echangeur-de-chaleur-de-gaz-dechappement\/#breadcrumb"},"inLanguage":"fr-FR","potentialAction":[{"@type":"ReadAction","target":["https:\/\/ej-bowman.com\/fr\/produits\/echangeur-de-chaleur-de-gaz-dechappement\/"]}]},{"@type":"ImageObject","inLanguage":"fr-FR","@id":"https:\/\/ej-bowman.com\/fr\/produits\/echangeur-de-chaleur-de-gaz-dechappement\/#primaryimage","url":"https:\/\/ej-bowman.com\/wp-content\/uploads\/2025\/01\/EJ-Bowman-Square_0006_Web-headers_Exhaust-scaled.jpg","contentUrl":"https:\/\/ej-bowman.com\/wp-content\/uploads\/2025\/01\/EJ-Bowman-Square_0006_Web-headers_Exhaust-scaled.jpg","width":2560,"height":2560,"caption":"Exhaust | EJ Bowman"},{"@type":"BreadcrumbList","@id":"https:\/\/ej-bowman.com\/fr\/produits\/echangeur-de-chaleur-de-gaz-dechappement\/#breadcrumb","itemListElement":[{"@type":"ListItem","position":1,"name":"Home","item":"https:\/\/ej-bowman.com\/fr\/"},{"@type":"ListItem","position":2,"name":"Products","item":"https:\/\/ej-bowman.com\/fr\/produits\/"},{"@type":"ListItem","position":3,"name":"\u00c9changeurs de Chaleur pour Gaz d&#8217;\u00c9chappement"}]},{"@type":"WebSite","@id":"https:\/\/ej-bowman.com\/fr\/#website","url":"https:\/\/ej-bowman.com\/fr\/","name":"EJ Bowman","description":"","publisher":{"@id":"https:\/\/ej-bowman.com\/fr\/#organization"},"potentialAction":[{"@type":"SearchAction","target":{"@type":"EntryPoint","urlTemplate":"https:\/\/ej-bowman.com\/fr\/?s={search_term_string}"},"query-input":{"@type":"PropertyValueSpecification","valueRequired":true,"valueName":"search_term_string"}}],"inLanguage":"fr-FR"},{"@type":"Organization","@id":"https:\/\/ej-bowman.com\/fr\/#organization","name":"EJ Bowman","url":"https:\/\/ej-bowman.com\/fr\/","logo":{"@type":"ImageObject","inLanguage":"fr-FR","@id":"https:\/\/ej-bowman.com\/fr\/#\/schema\/logo\/image\/","url":"https:\/\/ej-bowman.com\/wp-content\/uploads\/2024\/06\/logo-updates.png","contentUrl":"https:\/\/ej-bowman.com\/wp-content\/uploads\/2024\/06\/logo-updates.png","width":2404,"height":681,"caption":"EJ Bowman"},"image":{"@id":"https:\/\/ej-bowman.com\/fr\/#\/schema\/logo\/image\/"}}]}},"_links":{"self":[{"href":"https:\/\/ej-bowman.com\/fr\/wp-json\/wp\/v2\/product\/5100","targetHints":{"allow":["GET"]}}],"collection":[{"href":"https:\/\/ej-bowman.com\/fr\/wp-json\/wp\/v2\/product"}],"about":[{"href":"https:\/\/ej-bowman.com\/fr\/wp-json\/wp\/v2\/types\/product"}],"version-history":[{"count":12,"href":"https:\/\/ej-bowman.com\/fr\/wp-json\/wp\/v2\/product\/5100\/revisions"}],"predecessor-version":[{"id":20621,"href":"https:\/\/ej-bowman.com\/fr\/wp-json\/wp\/v2\/product\/5100\/revisions\/20621"}],"wp:featuredmedia":[{"embeddable":true,"href":"https:\/\/ej-bowman.com\/fr\/wp-json\/wp\/v2\/media\/7731"}],"wp:attachment":[{"href":"https:\/\/ej-bowman.com\/fr\/wp-json\/wp\/v2\/media?parent=5100"}],"curies":[{"name":"wp","href":"https:\/\/api.w.org\/{rel}","templated":true}]}}