{"id":5114,"date":"2024-06-20T06:35:55","date_gmt":"2024-06-20T06:35:55","guid":{"rendered":"https:\/\/ej-bowman.com\/product\/electric-and-hybrid-coolers\/"},"modified":"2025-11-10T15:56:19","modified_gmt":"2025-11-10T15:56:19","slug":"refroidisseurs-pour-systemes-electriques-et-hybrides","status":"publish","type":"product","link":"https:\/\/ej-bowman.com\/fr\/produits\/refroidisseurs-pour-systemes-electriques-et-hybrides\/","title":{"rendered":"\u00c9changeurs de Chaleur \u00e0 Coque et Tubes pour Application Marine \u00c9lectrique et Hybride"},"content":{"rendered":"","protected":false},"excerpt":{"rendered":"<p>\u00c9changeurs de chaleur efficaces pour refroidir les moteurs \u00e9lectriques, les piles \u00e0 hydrog\u00e8ne, les blocs-batteries, les chargeurs, les convertisseurs AC-DC, les convertisseurs DC-DC, les onduleurs et les \u00e9quipements associ\u00e9s pour les syst\u00e8mes de propulsion et de charge marins \u00e9lectriques et hybrides.<\/p>\n","protected":false},"featured_media":7900,"template":"","class_list":["post-5114","product","type-product","status-publish","has-post-thumbnail","hentry"],"acf":[],"yoast_head":"<!-- This site is optimized with the Yoast SEO plugin v26.4 - https:\/\/yoast.com\/wordpress\/plugins\/seo\/ -->\n<title>\u00c9changeurs de Chaleur \u00e0 Coque et Tubes pour Application Marine \u00c9lectrique et Hybride - EJ Bowman<\/title>\n<meta name=\"description\" content=\"Cooling solutions for electric and hybrid marine propulsion systems-batteries, chargers, AC-DC, DC-DC converters, electric drive motors plus hybrid control units\" \/>\n<meta name=\"robots\" content=\"index, follow, max-snippet:-1, max-image-preview:large, max-video-preview:-1\" \/>\n<link rel=\"canonical\" href=\"https:\/\/ej-bowman.com\/fr\/produits\/refroidisseurs-pour-systemes-electriques-et-hybrides\/\" \/>\n<meta property=\"og:locale\" content=\"fr_FR\" \/>\n<meta property=\"og:type\" content=\"article\" \/>\n<meta property=\"og:title\" content=\"\u00c9changeurs de Chaleur \u00e0 Coque et Tubes pour Application Marine \u00c9lectrique et Hybride - EJ Bowman\" \/>\n<meta property=\"og:description\" content=\"Cooling solutions for electric and hybrid marine propulsion systems-batteries, chargers, AC-DC, DC-DC converters, electric drive motors plus hybrid control units\" \/>\n<meta property=\"og:url\" content=\"https:\/\/ej-bowman.com\/fr\/produits\/refroidisseurs-pour-systemes-electriques-et-hybrides\/\" \/>\n<meta property=\"og:site_name\" content=\"EJ Bowman\" \/>\n<meta property=\"article:modified_time\" content=\"2025-11-10T15:56:19+00:00\" \/>\n<meta property=\"og:image\" content=\"https:\/\/ej-bowman.com\/wp-content\/uploads\/2025\/01\/EJ-Bowman-Square_0003_Web-headers_Shell-Tube-scaled.jpg\" \/>\n\t<meta property=\"og:image:width\" content=\"2560\" \/>\n\t<meta property=\"og:image:height\" content=\"2560\" \/>\n\t<meta property=\"og:image:type\" content=\"image\/jpeg\" \/>\n<meta name=\"twitter:card\" content=\"summary_large_image\" \/>\n<meta name=\"twitter:label1\" content=\"Dur\u00e9e de lecture estim\u00e9e\" \/>\n\t<meta name=\"twitter:data1\" content=\"1 minute\" \/>\n<script type=\"application\/ld+json\" class=\"yoast-schema-graph\">{\"@context\":\"https:\/\/schema.org\",\"@graph\":[{\"@type\":\"WebPage\",\"@id\":\"https:\/\/ej-bowman.com\/fr\/produits\/refroidisseurs-pour-systemes-electriques-et-hybrides\/\",\"url\":\"https:\/\/ej-bowman.com\/fr\/produits\/refroidisseurs-pour-systemes-electriques-et-hybrides\/\",\"name\":\"\u00c9changeurs de Chaleur \u00e0 Coque et Tubes pour Application Marine \u00c9lectrique et Hybride - EJ Bowman\",\"isPartOf\":{\"@id\":\"https:\/\/ej-bowman.com\/fr\/#website\"},\"primaryImageOfPage\":{\"@id\":\"https:\/\/ej-bowman.com\/fr\/produits\/refroidisseurs-pour-systemes-electriques-et-hybrides\/#primaryimage\"},\"image\":{\"@id\":\"https:\/\/ej-bowman.com\/fr\/produits\/refroidisseurs-pour-systemes-electriques-et-hybrides\/#primaryimage\"},\"thumbnailUrl\":\"https:\/\/ej-bowman.com\/wp-content\/uploads\/2025\/01\/EJ-Bowman-Square_0003_Web-headers_Shell-Tube-scaled.jpg\",\"datePublished\":\"2024-06-20T06:35:55+00:00\",\"dateModified\":\"2025-11-10T15:56:19+00:00\",\"description\":\"Cooling solutions for electric and hybrid marine propulsion systems-batteries, chargers, AC-DC, DC-DC converters, electric drive motors plus hybrid control units\",\"breadcrumb\":{\"@id\":\"https:\/\/ej-bowman.com\/fr\/produits\/refroidisseurs-pour-systemes-electriques-et-hybrides\/#breadcrumb\"},\"inLanguage\":\"fr-FR\",\"potentialAction\":[{\"@type\":\"ReadAction\",\"target\":[\"https:\/\/ej-bowman.com\/fr\/produits\/refroidisseurs-pour-systemes-electriques-et-hybrides\/\"]}]},{\"@type\":\"ImageObject\",\"inLanguage\":\"fr-FR\",\"@id\":\"https:\/\/ej-bowman.com\/fr\/produits\/refroidisseurs-pour-systemes-electriques-et-hybrides\/#primaryimage\",\"url\":\"https:\/\/ej-bowman.com\/wp-content\/uploads\/2025\/01\/EJ-Bowman-Square_0003_Web-headers_Shell-Tube-scaled.jpg\",\"contentUrl\":\"https:\/\/ej-bowman.com\/wp-content\/uploads\/2025\/01\/EJ-Bowman-Square_0003_Web-headers_Shell-Tube-scaled.jpg\",\"width\":2560,\"height\":2560,\"caption\":\"Shell Tube | EL Bowman\"},{\"@type\":\"BreadcrumbList\",\"@id\":\"https:\/\/ej-bowman.com\/fr\/produits\/refroidisseurs-pour-systemes-electriques-et-hybrides\/#breadcrumb\",\"itemListElement\":[{\"@type\":\"ListItem\",\"position\":1,\"name\":\"Home\",\"item\":\"https:\/\/ej-bowman.com\/fr\/\"},{\"@type\":\"ListItem\",\"position\":2,\"name\":\"Products\",\"item\":\"https:\/\/ej-bowman.com\/fr\/produits\/\"},{\"@type\":\"ListItem\",\"position\":3,\"name\":\"\u00c9changeurs de Chaleur \u00e0 Coque et Tubes pour Application Marine \u00c9lectrique et Hybride\"}]},{\"@type\":\"WebSite\",\"@id\":\"https:\/\/ej-bowman.com\/fr\/#website\",\"url\":\"https:\/\/ej-bowman.com\/fr\/\",\"name\":\"EJ Bowman\",\"description\":\"\",\"publisher\":{\"@id\":\"https:\/\/ej-bowman.com\/fr\/#organization\"},\"potentialAction\":[{\"@type\":\"SearchAction\",\"target\":{\"@type\":\"EntryPoint\",\"urlTemplate\":\"https:\/\/ej-bowman.com\/fr\/?s={search_term_string}\"},\"query-input\":{\"@type\":\"PropertyValueSpecification\",\"valueRequired\":true,\"valueName\":\"search_term_string\"}}],\"inLanguage\":\"fr-FR\"},{\"@type\":\"Organization\",\"@id\":\"https:\/\/ej-bowman.com\/fr\/#organization\",\"name\":\"EJ Bowman\",\"url\":\"https:\/\/ej-bowman.com\/fr\/\",\"logo\":{\"@type\":\"ImageObject\",\"inLanguage\":\"fr-FR\",\"@id\":\"https:\/\/ej-bowman.com\/fr\/#\/schema\/logo\/image\/\",\"url\":\"https:\/\/ej-bowman.com\/wp-content\/uploads\/2024\/06\/logo-updates.png\",\"contentUrl\":\"https:\/\/ej-bowman.com\/wp-content\/uploads\/2024\/06\/logo-updates.png\",\"width\":2404,\"height\":681,\"caption\":\"EJ Bowman\"},\"image\":{\"@id\":\"https:\/\/ej-bowman.com\/fr\/#\/schema\/logo\/image\/\"}}]}<\/script>\n<!-- \/ Yoast SEO plugin. -->","yoast_head_json":{"title":"\u00c9changeurs de Chaleur \u00e0 Coque et Tubes pour Application Marine \u00c9lectrique et Hybride - EJ Bowman","description":"Cooling solutions for electric and hybrid marine propulsion systems-batteries, chargers, AC-DC, DC-DC converters, electric drive motors plus hybrid control units","robots":{"index":"index","follow":"follow","max-snippet":"max-snippet:-1","max-image-preview":"max-image-preview:large","max-video-preview":"max-video-preview:-1"},"canonical":"https:\/\/ej-bowman.com\/fr\/produits\/refroidisseurs-pour-systemes-electriques-et-hybrides\/","og_locale":"fr_FR","og_type":"article","og_title":"\u00c9changeurs de Chaleur \u00e0 Coque et Tubes pour Application Marine \u00c9lectrique et Hybride - EJ Bowman","og_description":"Cooling solutions for electric and hybrid marine propulsion systems-batteries, chargers, AC-DC, DC-DC converters, electric drive motors plus hybrid control units","og_url":"https:\/\/ej-bowman.com\/fr\/produits\/refroidisseurs-pour-systemes-electriques-et-hybrides\/","og_site_name":"EJ Bowman","article_modified_time":"2025-11-10T15:56:19+00:00","og_image":[{"width":2560,"height":2560,"url":"https:\/\/ej-bowman.com\/wp-content\/uploads\/2025\/01\/EJ-Bowman-Square_0003_Web-headers_Shell-Tube-scaled.jpg","type":"image\/jpeg"}],"twitter_card":"summary_large_image","twitter_misc":{"Dur\u00e9e de lecture estim\u00e9e":"1 minute"},"schema":{"@context":"https:\/\/schema.org","@graph":[{"@type":"WebPage","@id":"https:\/\/ej-bowman.com\/fr\/produits\/refroidisseurs-pour-systemes-electriques-et-hybrides\/","url":"https:\/\/ej-bowman.com\/fr\/produits\/refroidisseurs-pour-systemes-electriques-et-hybrides\/","name":"\u00c9changeurs de Chaleur \u00e0 Coque et Tubes pour Application Marine \u00c9lectrique et Hybride - EJ Bowman","isPartOf":{"@id":"https:\/\/ej-bowman.com\/fr\/#website"},"primaryImageOfPage":{"@id":"https:\/\/ej-bowman.com\/fr\/produits\/refroidisseurs-pour-systemes-electriques-et-hybrides\/#primaryimage"},"image":{"@id":"https:\/\/ej-bowman.com\/fr\/produits\/refroidisseurs-pour-systemes-electriques-et-hybrides\/#primaryimage"},"thumbnailUrl":"https:\/\/ej-bowman.com\/wp-content\/uploads\/2025\/01\/EJ-Bowman-Square_0003_Web-headers_Shell-Tube-scaled.jpg","datePublished":"2024-06-20T06:35:55+00:00","dateModified":"2025-11-10T15:56:19+00:00","description":"Cooling solutions for electric and hybrid marine propulsion systems-batteries, chargers, AC-DC, DC-DC converters, electric drive motors plus hybrid control units","breadcrumb":{"@id":"https:\/\/ej-bowman.com\/fr\/produits\/refroidisseurs-pour-systemes-electriques-et-hybrides\/#breadcrumb"},"inLanguage":"fr-FR","potentialAction":[{"@type":"ReadAction","target":["https:\/\/ej-bowman.com\/fr\/produits\/refroidisseurs-pour-systemes-electriques-et-hybrides\/"]}]},{"@type":"ImageObject","inLanguage":"fr-FR","@id":"https:\/\/ej-bowman.com\/fr\/produits\/refroidisseurs-pour-systemes-electriques-et-hybrides\/#primaryimage","url":"https:\/\/ej-bowman.com\/wp-content\/uploads\/2025\/01\/EJ-Bowman-Square_0003_Web-headers_Shell-Tube-scaled.jpg","contentUrl":"https:\/\/ej-bowman.com\/wp-content\/uploads\/2025\/01\/EJ-Bowman-Square_0003_Web-headers_Shell-Tube-scaled.jpg","width":2560,"height":2560,"caption":"Shell Tube | EL Bowman"},{"@type":"BreadcrumbList","@id":"https:\/\/ej-bowman.com\/fr\/produits\/refroidisseurs-pour-systemes-electriques-et-hybrides\/#breadcrumb","itemListElement":[{"@type":"ListItem","position":1,"name":"Home","item":"https:\/\/ej-bowman.com\/fr\/"},{"@type":"ListItem","position":2,"name":"Products","item":"https:\/\/ej-bowman.com\/fr\/produits\/"},{"@type":"ListItem","position":3,"name":"\u00c9changeurs de Chaleur \u00e0 Coque et Tubes pour Application Marine \u00c9lectrique et Hybride"}]},{"@type":"WebSite","@id":"https:\/\/ej-bowman.com\/fr\/#website","url":"https:\/\/ej-bowman.com\/fr\/","name":"EJ Bowman","description":"","publisher":{"@id":"https:\/\/ej-bowman.com\/fr\/#organization"},"potentialAction":[{"@type":"SearchAction","target":{"@type":"EntryPoint","urlTemplate":"https:\/\/ej-bowman.com\/fr\/?s={search_term_string}"},"query-input":{"@type":"PropertyValueSpecification","valueRequired":true,"valueName":"search_term_string"}}],"inLanguage":"fr-FR"},{"@type":"Organization","@id":"https:\/\/ej-bowman.com\/fr\/#organization","name":"EJ Bowman","url":"https:\/\/ej-bowman.com\/fr\/","logo":{"@type":"ImageObject","inLanguage":"fr-FR","@id":"https:\/\/ej-bowman.com\/fr\/#\/schema\/logo\/image\/","url":"https:\/\/ej-bowman.com\/wp-content\/uploads\/2024\/06\/logo-updates.png","contentUrl":"https:\/\/ej-bowman.com\/wp-content\/uploads\/2024\/06\/logo-updates.png","width":2404,"height":681,"caption":"EJ Bowman"},"image":{"@id":"https:\/\/ej-bowman.com\/fr\/#\/schema\/logo\/image\/"}}]}},"_links":{"self":[{"href":"https:\/\/ej-bowman.com\/fr\/wp-json\/wp\/v2\/product\/5114","targetHints":{"allow":["GET"]}}],"collection":[{"href":"https:\/\/ej-bowman.com\/fr\/wp-json\/wp\/v2\/product"}],"about":[{"href":"https:\/\/ej-bowman.com\/fr\/wp-json\/wp\/v2\/types\/product"}],"version-history":[{"count":15,"href":"https:\/\/ej-bowman.com\/fr\/wp-json\/wp\/v2\/product\/5114\/revisions"}],"predecessor-version":[{"id":18603,"href":"https:\/\/ej-bowman.com\/fr\/wp-json\/wp\/v2\/product\/5114\/revisions\/18603"}],"wp:featuredmedia":[{"embeddable":true,"href":"https:\/\/ej-bowman.com\/fr\/wp-json\/wp\/v2\/media\/7900"}],"wp:attachment":[{"href":"https:\/\/ej-bowman.com\/fr\/wp-json\/wp\/v2\/media?parent=5114"}],"curies":[{"name":"wp","href":"https:\/\/api.w.org\/{rel}","templated":true}]}}