{"id":5068,"date":"2024-06-20T06:49:05","date_gmt":"2024-06-20T06:49:05","guid":{"rendered":"https:\/\/ej-bowman.com\/product\/inline-plate-type-heat-exchangers\/"},"modified":"2025-11-10T16:00:32","modified_gmt":"2025-11-10T16:00:32","slug":"trocadores-de-calor-tipo-placas","status":"publish","type":"product","link":"https:\/\/ej-bowman.com\/pt-pt\/produtos\/trocadores-de-calor-tipo-placas\/","title":{"rendered":"Trocadores de Calor Tipo Placas"},"content":{"rendered":"","protected":false},"excerpt":{"rendered":"<p>Os trocadores de calor de placas em linha da Bowman s\u00e3o uma solu\u00e7\u00e3o compacta e econ\u00f4mica para transfer\u00eancia de calor de alta efici\u00eancia.<\/p>\n","protected":false},"featured_media":7749,"template":"","class_list":["post-5068","product","type-product","status-publish","has-post-thumbnail","hentry"],"acf":[],"yoast_head":"<!-- This site is optimized with the Yoast SEO plugin v26.4 - https:\/\/yoast.com\/wordpress\/plugins\/seo\/ -->\n<title>Trocadores de Calor Tipo Placas - EJ Bowman<\/title>\n<meta name=\"description\" content=\"Trocadores de calor compactos de placas soldadas em a\u00e7o inoxid\u00e1vel 316 projetados para sistemas de aquecimento e refrigera\u00e7\u00e3o com uma temperatura m\u00e1xima de trabalho de 185 \u00b0C\" \/>\n<meta name=\"robots\" content=\"index, follow, max-snippet:-1, max-image-preview:large, max-video-preview:-1\" \/>\n<link rel=\"canonical\" href=\"https:\/\/ej-bowman.com\/pt-pt\/produtos\/trocadores-de-calor-tipo-placas\/\" \/>\n<meta property=\"og:locale\" content=\"pt_PT\" \/>\n<meta property=\"og:type\" content=\"article\" \/>\n<meta property=\"og:title\" content=\"Trocadores de Calor Tipo Placas - EJ Bowman\" \/>\n<meta property=\"og:description\" content=\"Trocadores de calor compactos de placas soldadas em a\u00e7o inoxid\u00e1vel 316 projetados para sistemas de aquecimento e refrigera\u00e7\u00e3o com uma temperatura m\u00e1xima de trabalho de 185 \u00b0C\" \/>\n<meta property=\"og:url\" content=\"https:\/\/ej-bowman.com\/pt-pt\/produtos\/trocadores-de-calor-tipo-placas\/\" \/>\n<meta property=\"og:site_name\" content=\"EJ Bowman\" \/>\n<meta property=\"article:modified_time\" content=\"2025-11-10T16:00:32+00:00\" \/>\n<meta property=\"og:image\" content=\"https:\/\/ej-bowman.com\/wp-content\/uploads\/2025\/01\/EJ-Bowman-Square_0012_05-scaled.jpg\" \/>\n\t<meta property=\"og:image:width\" content=\"2560\" \/>\n\t<meta property=\"og:image:height\" content=\"2560\" \/>\n\t<meta property=\"og:image:type\" content=\"image\/jpeg\" \/>\n<meta name=\"twitter:card\" content=\"summary_large_image\" \/>\n<meta name=\"twitter:label1\" content=\"Tempo estimado de leitura\" \/>\n\t<meta name=\"twitter:data1\" content=\"1 minuto\" \/>\n<script type=\"application\/ld+json\" class=\"yoast-schema-graph\">{\"@context\":\"https:\/\/schema.org\",\"@graph\":[{\"@type\":\"WebPage\",\"@id\":\"https:\/\/ej-bowman.com\/pt-pt\/produtos\/trocadores-de-calor-tipo-placas\/\",\"url\":\"https:\/\/ej-bowman.com\/pt-pt\/produtos\/trocadores-de-calor-tipo-placas\/\",\"name\":\"Trocadores de Calor Tipo Placas - EJ Bowman\",\"isPartOf\":{\"@id\":\"https:\/\/ej-bowman.com\/pt-pt\/#website\"},\"primaryImageOfPage\":{\"@id\":\"https:\/\/ej-bowman.com\/pt-pt\/produtos\/trocadores-de-calor-tipo-placas\/#primaryimage\"},\"image\":{\"@id\":\"https:\/\/ej-bowman.com\/pt-pt\/produtos\/trocadores-de-calor-tipo-placas\/#primaryimage\"},\"thumbnailUrl\":\"https:\/\/ej-bowman.com\/wp-content\/uploads\/2025\/01\/EJ-Bowman-Square_0012_05-scaled.jpg\",\"datePublished\":\"2024-06-20T06:49:05+00:00\",\"dateModified\":\"2025-11-10T16:00:32+00:00\",\"description\":\"Trocadores de calor compactos de placas soldadas em a\u00e7o inoxid\u00e1vel 316 projetados para sistemas de aquecimento e refrigera\u00e7\u00e3o com uma temperatura m\u00e1xima de trabalho de 185 \u00b0C\",\"breadcrumb\":{\"@id\":\"https:\/\/ej-bowman.com\/pt-pt\/produtos\/trocadores-de-calor-tipo-placas\/#breadcrumb\"},\"inLanguage\":\"pt-PT\",\"potentialAction\":[{\"@type\":\"ReadAction\",\"target\":[\"https:\/\/ej-bowman.com\/pt-pt\/produtos\/trocadores-de-calor-tipo-placas\/\"]}]},{\"@type\":\"ImageObject\",\"inLanguage\":\"pt-PT\",\"@id\":\"https:\/\/ej-bowman.com\/pt-pt\/produtos\/trocadores-de-calor-tipo-placas\/#primaryimage\",\"url\":\"https:\/\/ej-bowman.com\/wp-content\/uploads\/2025\/01\/EJ-Bowman-Square_0012_05-scaled.jpg\",\"contentUrl\":\"https:\/\/ej-bowman.com\/wp-content\/uploads\/2025\/01\/EJ-Bowman-Square_0012_05-scaled.jpg\",\"width\":2560,\"height\":2560},{\"@type\":\"BreadcrumbList\",\"@id\":\"https:\/\/ej-bowman.com\/pt-pt\/produtos\/trocadores-de-calor-tipo-placas\/#breadcrumb\",\"itemListElement\":[{\"@type\":\"ListItem\",\"position\":1,\"name\":\"Home\",\"item\":\"https:\/\/ej-bowman.com\/pt-pt\/\"},{\"@type\":\"ListItem\",\"position\":2,\"name\":\"Products\",\"item\":\"https:\/\/ej-bowman.com\/pt-pt\/produtos\/\"},{\"@type\":\"ListItem\",\"position\":3,\"name\":\"Trocadores de Calor Tipo Placas\"}]},{\"@type\":\"WebSite\",\"@id\":\"https:\/\/ej-bowman.com\/pt-pt\/#website\",\"url\":\"https:\/\/ej-bowman.com\/pt-pt\/\",\"name\":\"EJ Bowman\",\"description\":\"\",\"publisher\":{\"@id\":\"https:\/\/ej-bowman.com\/pt-pt\/#organization\"},\"potentialAction\":[{\"@type\":\"SearchAction\",\"target\":{\"@type\":\"EntryPoint\",\"urlTemplate\":\"https:\/\/ej-bowman.com\/pt-pt\/?s={search_term_string}\"},\"query-input\":{\"@type\":\"PropertyValueSpecification\",\"valueRequired\":true,\"valueName\":\"search_term_string\"}}],\"inLanguage\":\"pt-PT\"},{\"@type\":\"Organization\",\"@id\":\"https:\/\/ej-bowman.com\/pt-pt\/#organization\",\"name\":\"EJ Bowman\",\"url\":\"https:\/\/ej-bowman.com\/pt-pt\/\",\"logo\":{\"@type\":\"ImageObject\",\"inLanguage\":\"pt-PT\",\"@id\":\"https:\/\/ej-bowman.com\/pt-pt\/#\/schema\/logo\/image\/\",\"url\":\"https:\/\/ej-bowman.com\/wp-content\/uploads\/2024\/06\/logo-updates.png\",\"contentUrl\":\"https:\/\/ej-bowman.com\/wp-content\/uploads\/2024\/06\/logo-updates.png\",\"width\":2404,\"height\":681,\"caption\":\"EJ Bowman\"},\"image\":{\"@id\":\"https:\/\/ej-bowman.com\/pt-pt\/#\/schema\/logo\/image\/\"}}]}<\/script>\n<!-- \/ Yoast SEO plugin. -->","yoast_head_json":{"title":"Trocadores de Calor Tipo Placas - EJ Bowman","description":"Trocadores de calor compactos de placas soldadas em a\u00e7o inoxid\u00e1vel 316 projetados para sistemas de aquecimento e refrigera\u00e7\u00e3o com uma temperatura m\u00e1xima de trabalho de 185 \u00b0C","robots":{"index":"index","follow":"follow","max-snippet":"max-snippet:-1","max-image-preview":"max-image-preview:large","max-video-preview":"max-video-preview:-1"},"canonical":"https:\/\/ej-bowman.com\/pt-pt\/produtos\/trocadores-de-calor-tipo-placas\/","og_locale":"pt_PT","og_type":"article","og_title":"Trocadores de Calor Tipo Placas - EJ Bowman","og_description":"Trocadores de calor compactos de placas soldadas em a\u00e7o inoxid\u00e1vel 316 projetados para sistemas de aquecimento e refrigera\u00e7\u00e3o com uma temperatura m\u00e1xima de trabalho de 185 \u00b0C","og_url":"https:\/\/ej-bowman.com\/pt-pt\/produtos\/trocadores-de-calor-tipo-placas\/","og_site_name":"EJ Bowman","article_modified_time":"2025-11-10T16:00:32+00:00","og_image":[{"width":2560,"height":2560,"url":"https:\/\/ej-bowman.com\/wp-content\/uploads\/2025\/01\/EJ-Bowman-Square_0012_05-scaled.jpg","type":"image\/jpeg"}],"twitter_card":"summary_large_image","twitter_misc":{"Tempo estimado de leitura":"1 minuto"},"schema":{"@context":"https:\/\/schema.org","@graph":[{"@type":"WebPage","@id":"https:\/\/ej-bowman.com\/pt-pt\/produtos\/trocadores-de-calor-tipo-placas\/","url":"https:\/\/ej-bowman.com\/pt-pt\/produtos\/trocadores-de-calor-tipo-placas\/","name":"Trocadores de Calor Tipo Placas - EJ Bowman","isPartOf":{"@id":"https:\/\/ej-bowman.com\/pt-pt\/#website"},"primaryImageOfPage":{"@id":"https:\/\/ej-bowman.com\/pt-pt\/produtos\/trocadores-de-calor-tipo-placas\/#primaryimage"},"image":{"@id":"https:\/\/ej-bowman.com\/pt-pt\/produtos\/trocadores-de-calor-tipo-placas\/#primaryimage"},"thumbnailUrl":"https:\/\/ej-bowman.com\/wp-content\/uploads\/2025\/01\/EJ-Bowman-Square_0012_05-scaled.jpg","datePublished":"2024-06-20T06:49:05+00:00","dateModified":"2025-11-10T16:00:32+00:00","description":"Trocadores de calor compactos de placas soldadas em a\u00e7o inoxid\u00e1vel 316 projetados para sistemas de aquecimento e refrigera\u00e7\u00e3o com uma temperatura m\u00e1xima de trabalho de 185 \u00b0C","breadcrumb":{"@id":"https:\/\/ej-bowman.com\/pt-pt\/produtos\/trocadores-de-calor-tipo-placas\/#breadcrumb"},"inLanguage":"pt-PT","potentialAction":[{"@type":"ReadAction","target":["https:\/\/ej-bowman.com\/pt-pt\/produtos\/trocadores-de-calor-tipo-placas\/"]}]},{"@type":"ImageObject","inLanguage":"pt-PT","@id":"https:\/\/ej-bowman.com\/pt-pt\/produtos\/trocadores-de-calor-tipo-placas\/#primaryimage","url":"https:\/\/ej-bowman.com\/wp-content\/uploads\/2025\/01\/EJ-Bowman-Square_0012_05-scaled.jpg","contentUrl":"https:\/\/ej-bowman.com\/wp-content\/uploads\/2025\/01\/EJ-Bowman-Square_0012_05-scaled.jpg","width":2560,"height":2560},{"@type":"BreadcrumbList","@id":"https:\/\/ej-bowman.com\/pt-pt\/produtos\/trocadores-de-calor-tipo-placas\/#breadcrumb","itemListElement":[{"@type":"ListItem","position":1,"name":"Home","item":"https:\/\/ej-bowman.com\/pt-pt\/"},{"@type":"ListItem","position":2,"name":"Products","item":"https:\/\/ej-bowman.com\/pt-pt\/produtos\/"},{"@type":"ListItem","position":3,"name":"Trocadores de Calor Tipo Placas"}]},{"@type":"WebSite","@id":"https:\/\/ej-bowman.com\/pt-pt\/#website","url":"https:\/\/ej-bowman.com\/pt-pt\/","name":"EJ Bowman","description":"","publisher":{"@id":"https:\/\/ej-bowman.com\/pt-pt\/#organization"},"potentialAction":[{"@type":"SearchAction","target":{"@type":"EntryPoint","urlTemplate":"https:\/\/ej-bowman.com\/pt-pt\/?s={search_term_string}"},"query-input":{"@type":"PropertyValueSpecification","valueRequired":true,"valueName":"search_term_string"}}],"inLanguage":"pt-PT"},{"@type":"Organization","@id":"https:\/\/ej-bowman.com\/pt-pt\/#organization","name":"EJ Bowman","url":"https:\/\/ej-bowman.com\/pt-pt\/","logo":{"@type":"ImageObject","inLanguage":"pt-PT","@id":"https:\/\/ej-bowman.com\/pt-pt\/#\/schema\/logo\/image\/","url":"https:\/\/ej-bowman.com\/wp-content\/uploads\/2024\/06\/logo-updates.png","contentUrl":"https:\/\/ej-bowman.com\/wp-content\/uploads\/2024\/06\/logo-updates.png","width":2404,"height":681,"caption":"EJ Bowman"},"image":{"@id":"https:\/\/ej-bowman.com\/pt-pt\/#\/schema\/logo\/image\/"}}]}},"_links":{"self":[{"href":"https:\/\/ej-bowman.com\/pt-pt\/wp-json\/wp\/v2\/product\/5068","targetHints":{"allow":["GET"]}}],"collection":[{"href":"https:\/\/ej-bowman.com\/pt-pt\/wp-json\/wp\/v2\/product"}],"about":[{"href":"https:\/\/ej-bowman.com\/pt-pt\/wp-json\/wp\/v2\/types\/product"}],"version-history":[{"count":6,"href":"https:\/\/ej-bowman.com\/pt-pt\/wp-json\/wp\/v2\/product\/5068\/revisions"}],"predecessor-version":[{"id":19020,"href":"https:\/\/ej-bowman.com\/pt-pt\/wp-json\/wp\/v2\/product\/5068\/revisions\/19020"}],"wp:featuredmedia":[{"embeddable":true,"href":"https:\/\/ej-bowman.com\/pt-pt\/wp-json\/wp\/v2\/media\/7749"}],"wp:attachment":[{"href":"https:\/\/ej-bowman.com\/pt-pt\/wp-json\/wp\/v2\/media?parent=5068"}],"curies":[{"name":"wp","href":"https:\/\/api.w.org\/{rel}","templated":true}]}}