{"id":5082,"date":"2024-06-20T06:40:32","date_gmt":"2024-06-20T06:40:32","guid":{"rendered":"https:\/\/ej-bowman.com\/product\/marine-engine-coolers\/"},"modified":"2025-11-10T16:00:32","modified_gmt":"2025-11-10T16:00:32","slug":"refrigeradores-de-motores-maritimos","status":"publish","type":"product","link":"https:\/\/ej-bowman.com\/pt-pt\/produtos\/refrigeradores-de-motores-maritimos\/","title":{"rendered":"Solu\u00e7\u00f5es de Refrigera\u00e7\u00e3o de Motores Mar\u00edtimos"},"content":{"rendered":"","protected":false},"excerpt":{"rendered":"<p>Solu\u00e7\u00f5es de refrigera\u00e7\u00e3o personalizadas para uma variedade de motores mar\u00edtimos muito procurados dos principais OEMs, incluindo trocadores de calor, refrigeradores de ar, al\u00e9m de trocadores de calor combinados e coletores de escape, adequados para refrigerar motores mar\u00edtimos de at\u00e9 1 MW.<\/p>\n","protected":false},"featured_media":7675,"template":"","class_list":["post-5082","product","type-product","status-publish","has-post-thumbnail","hentry"],"acf":[],"yoast_head":"<!-- This site is optimized with the Yoast SEO plugin v26.4 - https:\/\/yoast.com\/wordpress\/plugins\/seo\/ -->\n<title>Solu\u00e7\u00f5es de Refrigera\u00e7\u00e3o de Motores Mar\u00edtimos - EJ Bowman<\/title>\n<meta name=\"description\" content=\"Para complementar nossa linha padr\u00e3o, a Bowman fabrica trocadores de calor e coletores de escapamento combinados sob medida para uma infinidade de motores mar\u00edtimos.\" \/>\n<meta name=\"robots\" content=\"index, follow, max-snippet:-1, max-image-preview:large, max-video-preview:-1\" \/>\n<link rel=\"canonical\" href=\"https:\/\/ej-bowman.com\/pt-pt\/produtos\/refrigeradores-de-motores-maritimos\/\" \/>\n<meta property=\"og:locale\" content=\"pt_PT\" \/>\n<meta property=\"og:type\" content=\"article\" \/>\n<meta property=\"og:title\" content=\"Solu\u00e7\u00f5es de Refrigera\u00e7\u00e3o de Motores Mar\u00edtimos - EJ Bowman\" \/>\n<meta property=\"og:description\" content=\"Para complementar nossa linha padr\u00e3o, a Bowman fabrica trocadores de calor e coletores de escapamento combinados sob medida para uma infinidade de motores mar\u00edtimos.\" \/>\n<meta property=\"og:url\" content=\"https:\/\/ej-bowman.com\/pt-pt\/produtos\/refrigeradores-de-motores-maritimos\/\" \/>\n<meta property=\"og:site_name\" content=\"EJ Bowman\" \/>\n<meta property=\"article:modified_time\" content=\"2025-11-10T16:00:32+00:00\" \/>\n<meta property=\"og:image\" content=\"https:\/\/ej-bowman.com\/wp-content\/uploads\/2024\/06\/Web-headers_ChargeAirSquare-1024x1024.png\" \/>\n\t<meta property=\"og:image:width\" content=\"1024\" \/>\n\t<meta property=\"og:image:height\" content=\"1024\" \/>\n\t<meta property=\"og:image:type\" content=\"image\/png\" \/>\n<meta name=\"twitter:card\" content=\"summary_large_image\" \/>\n<meta name=\"twitter:label1\" content=\"Tempo estimado de leitura\" \/>\n\t<meta name=\"twitter:data1\" content=\"1 minuto\" \/>\n<script type=\"application\/ld+json\" class=\"yoast-schema-graph\">{\"@context\":\"https:\/\/schema.org\",\"@graph\":[{\"@type\":\"WebPage\",\"@id\":\"https:\/\/ej-bowman.com\/pt-pt\/produtos\/refrigeradores-de-motores-maritimos\/\",\"url\":\"https:\/\/ej-bowman.com\/pt-pt\/produtos\/refrigeradores-de-motores-maritimos\/\",\"name\":\"Solu\u00e7\u00f5es de Refrigera\u00e7\u00e3o de Motores Mar\u00edtimos - EJ Bowman\",\"isPartOf\":{\"@id\":\"https:\/\/ej-bowman.com\/pt-pt\/#website\"},\"primaryImageOfPage\":{\"@id\":\"https:\/\/ej-bowman.com\/pt-pt\/produtos\/refrigeradores-de-motores-maritimos\/#primaryimage\"},\"image\":{\"@id\":\"https:\/\/ej-bowman.com\/pt-pt\/produtos\/refrigeradores-de-motores-maritimos\/#primaryimage\"},\"thumbnailUrl\":\"https:\/\/ej-bowman.com\/wp-content\/uploads\/2024\/06\/Web-headers_ChargeAirSquare.png\",\"datePublished\":\"2024-06-20T06:40:32+00:00\",\"dateModified\":\"2025-11-10T16:00:32+00:00\",\"description\":\"Para complementar nossa linha padr\u00e3o, a Bowman fabrica trocadores de calor e coletores de escapamento combinados sob medida para uma infinidade de motores mar\u00edtimos.\",\"breadcrumb\":{\"@id\":\"https:\/\/ej-bowman.com\/pt-pt\/produtos\/refrigeradores-de-motores-maritimos\/#breadcrumb\"},\"inLanguage\":\"pt-PT\",\"potentialAction\":[{\"@type\":\"ReadAction\",\"target\":[\"https:\/\/ej-bowman.com\/pt-pt\/produtos\/refrigeradores-de-motores-maritimos\/\"]}]},{\"@type\":\"ImageObject\",\"inLanguage\":\"pt-PT\",\"@id\":\"https:\/\/ej-bowman.com\/pt-pt\/produtos\/refrigeradores-de-motores-maritimos\/#primaryimage\",\"url\":\"https:\/\/ej-bowman.com\/wp-content\/uploads\/2024\/06\/Web-headers_ChargeAirSquare.png\",\"contentUrl\":\"https:\/\/ej-bowman.com\/wp-content\/uploads\/2024\/06\/Web-headers_ChargeAirSquare.png\",\"width\":4167,\"height\":4167,\"caption\":\"Charge Air Cooler\"},{\"@type\":\"BreadcrumbList\",\"@id\":\"https:\/\/ej-bowman.com\/pt-pt\/produtos\/refrigeradores-de-motores-maritimos\/#breadcrumb\",\"itemListElement\":[{\"@type\":\"ListItem\",\"position\":1,\"name\":\"Home\",\"item\":\"https:\/\/ej-bowman.com\/pt-pt\/\"},{\"@type\":\"ListItem\",\"position\":2,\"name\":\"Products\",\"item\":\"https:\/\/ej-bowman.com\/pt-pt\/produtos\/\"},{\"@type\":\"ListItem\",\"position\":3,\"name\":\"Solu\u00e7\u00f5es de Refrigera\u00e7\u00e3o de Motores Mar\u00edtimos\"}]},{\"@type\":\"WebSite\",\"@id\":\"https:\/\/ej-bowman.com\/pt-pt\/#website\",\"url\":\"https:\/\/ej-bowman.com\/pt-pt\/\",\"name\":\"EJ Bowman\",\"description\":\"\",\"publisher\":{\"@id\":\"https:\/\/ej-bowman.com\/pt-pt\/#organization\"},\"potentialAction\":[{\"@type\":\"SearchAction\",\"target\":{\"@type\":\"EntryPoint\",\"urlTemplate\":\"https:\/\/ej-bowman.com\/pt-pt\/?s={search_term_string}\"},\"query-input\":{\"@type\":\"PropertyValueSpecification\",\"valueRequired\":true,\"valueName\":\"search_term_string\"}}],\"inLanguage\":\"pt-PT\"},{\"@type\":\"Organization\",\"@id\":\"https:\/\/ej-bowman.com\/pt-pt\/#organization\",\"name\":\"EJ Bowman\",\"url\":\"https:\/\/ej-bowman.com\/pt-pt\/\",\"logo\":{\"@type\":\"ImageObject\",\"inLanguage\":\"pt-PT\",\"@id\":\"https:\/\/ej-bowman.com\/pt-pt\/#\/schema\/logo\/image\/\",\"url\":\"https:\/\/ej-bowman.com\/wp-content\/uploads\/2024\/06\/logo-updates.png\",\"contentUrl\":\"https:\/\/ej-bowman.com\/wp-content\/uploads\/2024\/06\/logo-updates.png\",\"width\":2404,\"height\":681,\"caption\":\"EJ Bowman\"},\"image\":{\"@id\":\"https:\/\/ej-bowman.com\/pt-pt\/#\/schema\/logo\/image\/\"}}]}<\/script>\n<!-- \/ Yoast SEO plugin. -->","yoast_head_json":{"title":"Solu\u00e7\u00f5es de Refrigera\u00e7\u00e3o de Motores Mar\u00edtimos - EJ Bowman","description":"Para complementar nossa linha padr\u00e3o, a Bowman fabrica trocadores de calor e coletores de escapamento combinados sob medida para uma infinidade de motores mar\u00edtimos.","robots":{"index":"index","follow":"follow","max-snippet":"max-snippet:-1","max-image-preview":"max-image-preview:large","max-video-preview":"max-video-preview:-1"},"canonical":"https:\/\/ej-bowman.com\/pt-pt\/produtos\/refrigeradores-de-motores-maritimos\/","og_locale":"pt_PT","og_type":"article","og_title":"Solu\u00e7\u00f5es de Refrigera\u00e7\u00e3o de Motores Mar\u00edtimos - EJ Bowman","og_description":"Para complementar nossa linha padr\u00e3o, a Bowman fabrica trocadores de calor e coletores de escapamento combinados sob medida para uma infinidade de motores mar\u00edtimos.","og_url":"https:\/\/ej-bowman.com\/pt-pt\/produtos\/refrigeradores-de-motores-maritimos\/","og_site_name":"EJ Bowman","article_modified_time":"2025-11-10T16:00:32+00:00","og_image":[{"width":1024,"height":1024,"url":"https:\/\/ej-bowman.com\/wp-content\/uploads\/2024\/06\/Web-headers_ChargeAirSquare-1024x1024.png","type":"image\/png"}],"twitter_card":"summary_large_image","twitter_misc":{"Tempo estimado de leitura":"1 minuto"},"schema":{"@context":"https:\/\/schema.org","@graph":[{"@type":"WebPage","@id":"https:\/\/ej-bowman.com\/pt-pt\/produtos\/refrigeradores-de-motores-maritimos\/","url":"https:\/\/ej-bowman.com\/pt-pt\/produtos\/refrigeradores-de-motores-maritimos\/","name":"Solu\u00e7\u00f5es de Refrigera\u00e7\u00e3o de Motores Mar\u00edtimos - EJ Bowman","isPartOf":{"@id":"https:\/\/ej-bowman.com\/pt-pt\/#website"},"primaryImageOfPage":{"@id":"https:\/\/ej-bowman.com\/pt-pt\/produtos\/refrigeradores-de-motores-maritimos\/#primaryimage"},"image":{"@id":"https:\/\/ej-bowman.com\/pt-pt\/produtos\/refrigeradores-de-motores-maritimos\/#primaryimage"},"thumbnailUrl":"https:\/\/ej-bowman.com\/wp-content\/uploads\/2024\/06\/Web-headers_ChargeAirSquare.png","datePublished":"2024-06-20T06:40:32+00:00","dateModified":"2025-11-10T16:00:32+00:00","description":"Para complementar nossa linha padr\u00e3o, a Bowman fabrica trocadores de calor e coletores de escapamento combinados sob medida para uma infinidade de motores mar\u00edtimos.","breadcrumb":{"@id":"https:\/\/ej-bowman.com\/pt-pt\/produtos\/refrigeradores-de-motores-maritimos\/#breadcrumb"},"inLanguage":"pt-PT","potentialAction":[{"@type":"ReadAction","target":["https:\/\/ej-bowman.com\/pt-pt\/produtos\/refrigeradores-de-motores-maritimos\/"]}]},{"@type":"ImageObject","inLanguage":"pt-PT","@id":"https:\/\/ej-bowman.com\/pt-pt\/produtos\/refrigeradores-de-motores-maritimos\/#primaryimage","url":"https:\/\/ej-bowman.com\/wp-content\/uploads\/2024\/06\/Web-headers_ChargeAirSquare.png","contentUrl":"https:\/\/ej-bowman.com\/wp-content\/uploads\/2024\/06\/Web-headers_ChargeAirSquare.png","width":4167,"height":4167,"caption":"Charge Air Cooler"},{"@type":"BreadcrumbList","@id":"https:\/\/ej-bowman.com\/pt-pt\/produtos\/refrigeradores-de-motores-maritimos\/#breadcrumb","itemListElement":[{"@type":"ListItem","position":1,"name":"Home","item":"https:\/\/ej-bowman.com\/pt-pt\/"},{"@type":"ListItem","position":2,"name":"Products","item":"https:\/\/ej-bowman.com\/pt-pt\/produtos\/"},{"@type":"ListItem","position":3,"name":"Solu\u00e7\u00f5es de Refrigera\u00e7\u00e3o de Motores Mar\u00edtimos"}]},{"@type":"WebSite","@id":"https:\/\/ej-bowman.com\/pt-pt\/#website","url":"https:\/\/ej-bowman.com\/pt-pt\/","name":"EJ Bowman","description":"","publisher":{"@id":"https:\/\/ej-bowman.com\/pt-pt\/#organization"},"potentialAction":[{"@type":"SearchAction","target":{"@type":"EntryPoint","urlTemplate":"https:\/\/ej-bowman.com\/pt-pt\/?s={search_term_string}"},"query-input":{"@type":"PropertyValueSpecification","valueRequired":true,"valueName":"search_term_string"}}],"inLanguage":"pt-PT"},{"@type":"Organization","@id":"https:\/\/ej-bowman.com\/pt-pt\/#organization","name":"EJ Bowman","url":"https:\/\/ej-bowman.com\/pt-pt\/","logo":{"@type":"ImageObject","inLanguage":"pt-PT","@id":"https:\/\/ej-bowman.com\/pt-pt\/#\/schema\/logo\/image\/","url":"https:\/\/ej-bowman.com\/wp-content\/uploads\/2024\/06\/logo-updates.png","contentUrl":"https:\/\/ej-bowman.com\/wp-content\/uploads\/2024\/06\/logo-updates.png","width":2404,"height":681,"caption":"EJ Bowman"},"image":{"@id":"https:\/\/ej-bowman.com\/pt-pt\/#\/schema\/logo\/image\/"}}]}},"_links":{"self":[{"href":"https:\/\/ej-bowman.com\/pt-pt\/wp-json\/wp\/v2\/product\/5082","targetHints":{"allow":["GET"]}}],"collection":[{"href":"https:\/\/ej-bowman.com\/pt-pt\/wp-json\/wp\/v2\/product"}],"about":[{"href":"https:\/\/ej-bowman.com\/pt-pt\/wp-json\/wp\/v2\/types\/product"}],"version-history":[{"count":11,"href":"https:\/\/ej-bowman.com\/pt-pt\/wp-json\/wp\/v2\/product\/5082\/revisions"}],"predecessor-version":[{"id":18636,"href":"https:\/\/ej-bowman.com\/pt-pt\/wp-json\/wp\/v2\/product\/5082\/revisions\/18636"}],"wp:featuredmedia":[{"embeddable":true,"href":"https:\/\/ej-bowman.com\/pt-pt\/wp-json\/wp\/v2\/media\/7675"}],"wp:attachment":[{"href":"https:\/\/ej-bowman.com\/pt-pt\/wp-json\/wp\/v2\/media?parent=5082"}],"curies":[{"name":"wp","href":"https:\/\/api.w.org\/{rel}","templated":true}]}}